{"id":7306,"date":"2024-04-09T08:49:26","date_gmt":"2024-04-09T06:49:26","guid":{"rendered":"https:\/\/diaklakas.hu\/?page_id=7306"},"modified":"2024-05-21T12:20:14","modified_gmt":"2024-05-21T10:20:14","slug":"student-accommodation-budapest","status":"publish","type":"page","link":"https:\/\/studentroomforrent.hu\/hu\/student-accommodation-budapest\/","title":{"rendered":"Student Accommodation Budapest videos"},"content":{"rendered":"[vc_row type=&#8221;full_width_background&#8221; full_screen_row_position=&#8221;middle&#8221; column_margin=&#8221;default&#8221; column_direction=&#8221;default&#8221; column_direction_tablet=&#8221;default&#8221; column_direction_phone=&#8221;default&#8221; bg_image=&#8221;7307&#8243; bg_position=&#8221;center center&#8221; background_image_loading=&#8221;skip-lazy-load&#8221; bg_repeat=&#8221;no-repeat&#8221; scene_position=&#8221;center&#8221; top_padding=&#8221;7%&#8221; bottom_padding=&#8221;12%&#8221; text_color=&#8221;light&#8221; text_align=&#8221;left&#8221; row_border_radius=&#8221;none&#8221; row_border_radius_applies=&#8221;bg&#8221; overflow=&#8221;visible&#8221; enable_gradient=&#8221;true&#8221; color_overlay=&#8221;#000000&#8243; color_overlay_2=&#8221;#000000&#8243; advanced_gradient_angle=&#8221;0&#8243; overlay_strength=&#8221;0.3&#8243; gradient_direction=&#8221;left_to_right&#8221; enable_shape_divider=&#8221;true&#8221; shape_divider_position=&#8221;bottom&#8221; shape_divider_height=&#8221;150&#8243; bg_image_animation=&#8221;fade-in&#8221; parallax_bg=&#8221;true&#8221; parallax_bg_speed=&#8221;medium&#8221; gradient_type=&#8221;default&#8221; shape_type=&#8221;fan&#8221;][vc_column column_padding=&#8221;no-extra-padding&#8221; column_padding_tablet=&#8221;inherit&#8221; column_padding_phone=&#8221;inherit&#8221; column_padding_position=&#8221;all&#8221; column_element_direction_desktop=&#8221;default&#8221; column_element_spacing=&#8221;default&#8221; desktop_text_alignment=&#8221;default&#8221; tablet_text_alignment=&#8221;default&#8221; phone_text_alignment=&#8221;default&#8221; background_color_opacity=&#8221;1&#8243; background_hover_color_opacity=&#8221;1&#8243; column_backdrop_filter=&#8221;none&#8221; column_shadow=&#8221;none&#8221; column_border_radius=&#8221;none&#8221; column_link_target=&#8221;_self&#8221; column_position=&#8221;default&#8221; gradient_direction=&#8221;left_to_right&#8221; overlay_strength=&#8221;0.3&#8243; width=&#8221;1\/1&#8243; tablet_width_inherit=&#8221;default&#8221; animation_type=&#8221;default&#8221; bg_image_animation=&#8221;none&#8221; border_type=&#8221;simple&#8221; column_border_width=&#8221;none&#8221; column_border_style=&#8221;solid&#8221;][split_line_heading animation_type=&#8221;line-reveal-by-space&#8221; font_style=&#8221;h2&#8243; text_color=&#8221;#f3ca56&#8243; line_reveal_by_space_text_effect=&#8221;default&#8221; stagger_animation=&#8221;true&#8221; content_alignment=&#8221;default&#8221; mobile_content_alignment=&#8221;inherit&#8221; link_target=&#8221;_self&#8221; text_content=&#8221;VIDE\u00d3K&#8221;][\/split_line_heading][vc_column_text css_animation=&#8221;left-to-right&#8221;]\n<h3>Student Accommodation Budapest Videos<\/h3>\n[\/vc_column_text][\/vc_column][\/vc_row][vc_row type=&#8221;in_container&#8221; full_screen_row_position=&#8221;middle&#8221; column_margin=&#8221;default&#8221; column_direction=&#8221;default&#8221; column_direction_tablet=&#8221;default&#8221; column_direction_phone=&#8221;default&#8221; scene_position=&#8221;center&#8221; text_color=&#8221;dark&#8221; text_align=&#8221;left&#8221; row_border_radius=&#8221;none&#8221; row_border_radius_applies=&#8221;bg&#8221; overflow=&#8221;visible&#8221; overlay_strength=&#8221;0.3&#8243; gradient_direction=&#8221;left_to_right&#8221; shape_divider_position=&#8221;bottom&#8221; bg_image_animation=&#8221;none&#8221;][vc_column column_padding=&#8221;no-extra-padding&#8221; column_padding_tablet=&#8221;inherit&#8221; column_padding_phone=&#8221;inherit&#8221; column_padding_position=&#8221;all&#8221; column_element_direction_desktop=&#8221;default&#8221; column_element_spacing=&#8221;default&#8221; desktop_text_alignment=&#8221;default&#8221; tablet_text_alignment=&#8221;default&#8221; phone_text_alignment=&#8221;default&#8221; background_color_opacity=&#8221;1&#8243; background_hover_color_opacity=&#8221;1&#8243; column_backdrop_filter=&#8221;none&#8221; column_shadow=&#8221;none&#8221; column_border_radius=&#8221;none&#8221; column_link_target=&#8221;_self&#8221; column_position=&#8221;default&#8221; gradient_direction=&#8221;left_to_right&#8221; overlay_strength=&#8221;0.3&#8243; width=&#8221;1\/1&#8243; tablet_width_inherit=&#8221;default&#8221; animation_type=&#8221;default&#8221; bg_image_animation=&#8221;none&#8221; border_type=&#8221;simple&#8221; column_border_width=&#8221;none&#8221; column_border_style=&#8221;solid&#8221;][split_line_heading animation_type=&#8221;line-reveal-by-space&#8221; font_style=&#8221;h3&#8243; text_color=&#8221;#f3ca56&#8243; line_reveal_by_space_text_effect=&#8221;letter-reveal-bottom&#8221; stagger_animation=&#8221;true&#8221; content_alignment=&#8221;center&#8221; mobile_content_alignment=&#8221;inherit&#8221; link_target=&#8221;_self&#8221; text_content=&#8221;You can watch here your Student Accommodation Budapest Downtown. Book now!&#8221;][\/split_line_heading][divider line_type=&#8221;No Line&#8221; custom_height=&#8221;20&#8243;][\/vc_column][\/vc_row][vc_row type=&#8221;in_container&#8221; full_screen_row_position=&#8221;middle&#8221; column_margin=&#8221;default&#8221; column_direction=&#8221;default&#8221; column_direction_tablet=&#8221;default&#8221; column_direction_phone=&#8221;default&#8221; scene_position=&#8221;center&#8221; bottom_padding=&#8221;2%&#8221; text_color=&#8221;dark&#8221; text_align=&#8221;center&#8221; row_border_radius=&#8221;none&#8221; row_border_radius_applies=&#8221;bg&#8221; overflow=&#8221;visible&#8221; advanced_gradient_angle=&#8221;0&#8243; overlay_strength=&#8221;0.3&#8243; gradient_direction=&#8221;left_to_right&#8221; shape_divider_position=&#8221;bottom&#8221; bg_image_animation=&#8221;none&#8221; header_feature=&#8221;yes&#8221; padding_top=&#8221;60&#8243; padding_bottom=&#8221;60&#8243; gradient_type=&#8221;default&#8221; shape_type=&#8221;&#8221;][vc_column column_padding=&#8221;no-extra-padding&#8221; column_padding_tablet=&#8221;inherit&#8221; column_padding_phone=&#8221;inherit&#8221; column_padding_position=&#8221;all&#8221; column_element_direction_desktop=&#8221;default&#8221; column_element_spacing=&#8221;default&#8221; centered_text=&#8221;true&#8221; desktop_text_alignment=&#8221;default&#8221; tablet_text_alignment=&#8221;default&#8221; phone_text_alignment=&#8221;default&#8221; background_color_opacity=&#8221;1&#8243; background_hover_color_opacity=&#8221;1&#8243; column_backdrop_filter=&#8221;none&#8221; column_shadow=&#8221;none&#8221; column_border_radius=&#8221;none&#8221; column_link_target=&#8221;_self&#8221; column_position=&#8221;default&#8221; advanced_gradient_angle=&#8221;0&#8243; gradient_direction=&#8221;left_to_right&#8221; overlay_strength=&#8221;0.3&#8243; width=&#8221;1\/1&#8243; tablet_width_inherit=&#8221;default&#8221; animation_type=&#8221;default&#8221; bg_image_animation=&#8221;none&#8221; border_type=&#8221;simple&#8221; column_border_width=&#8221;none&#8221; column_border_style=&#8221;solid&#8221; gradient_type=&#8221;default&#8221;][split_line_heading animation_type=&#8221;line-reveal-by-space&#8221; font_style=&#8221;h3&#8243; text_color=&#8221;#000000&#8243; line_reveal_by_space_text_effect=&#8221;twist-bottom&#8221; stagger_animation=&#8221;true&#8221; content_alignment=&#8221;center&#8221; mobile_content_alignment=&#8221;inherit&#8221; link_target=&#8221;_self&#8221; text_content=&#8221;Br\u00f3dy S\u00e1ndor street student dormitory video&#8221;][\/split_line_heading][nectar_video_player_self_hosted video_mp4=&#8221;https:\/\/studentroomforrent.hu\/wp-content\/uploads\/2024\/04\/Diaklakas_Brody_1_min_16_9_v2_vegiglogozott.mp4&#8243; video_image=&#8221;6817&#8243; player_functionality=&#8221;default&#8221; border_radius=&#8221;none&#8221; box_shadow=&#8221;none&#8221; advanced_gradient_display_type=&#8221;linear&#8221;][\/vc_column][\/vc_row][vc_row type=&#8221;in_container&#8221; full_screen_row_position=&#8221;middle&#8221; column_margin=&#8221;default&#8221; column_direction=&#8221;default&#8221; column_direction_tablet=&#8221;default&#8221; column_direction_phone=&#8221;default&#8221; scene_position=&#8221;center&#8221; bottom_padding=&#8221;2%&#8221; text_color=&#8221;dark&#8221; text_align=&#8221;center&#8221; row_border_radius=&#8221;none&#8221; row_border_radius_applies=&#8221;bg&#8221; overflow=&#8221;visible&#8221; advanced_gradient_angle=&#8221;0&#8243; overlay_strength=&#8221;0.3&#8243; gradient_direction=&#8221;left_to_right&#8221; shape_divider_position=&#8221;bottom&#8221; bg_image_animation=&#8221;none&#8221; header_feature=&#8221;yes&#8221; padding_top=&#8221;60&#8243; padding_bottom=&#8221;60&#8243; gradient_type=&#8221;default&#8221; shape_type=&#8221;&#8221;][vc_column column_padding=&#8221;no-extra-padding&#8221; column_padding_tablet=&#8221;inherit&#8221; column_padding_phone=&#8221;inherit&#8221; column_padding_position=&#8221;all&#8221; column_element_direction_desktop=&#8221;default&#8221; column_element_spacing=&#8221;default&#8221; centered_text=&#8221;true&#8221; desktop_text_alignment=&#8221;default&#8221; tablet_text_alignment=&#8221;default&#8221; phone_text_alignment=&#8221;default&#8221; background_color_opacity=&#8221;1&#8243; background_hover_color_opacity=&#8221;1&#8243; column_backdrop_filter=&#8221;none&#8221; column_shadow=&#8221;none&#8221; column_border_radius=&#8221;none&#8221; column_link_target=&#8221;_self&#8221; column_position=&#8221;default&#8221; advanced_gradient_angle=&#8221;0&#8243; gradient_direction=&#8221;left_to_right&#8221; overlay_strength=&#8221;0.3&#8243; width=&#8221;1\/1&#8243; tablet_width_inherit=&#8221;default&#8221; animation_type=&#8221;default&#8221; bg_image_animation=&#8221;none&#8221; border_type=&#8221;simple&#8221; column_border_width=&#8221;none&#8221; column_border_style=&#8221;solid&#8221; gradient_type=&#8221;default&#8221;][split_line_heading animation_type=&#8221;line-reveal-by-space&#8221; font_style=&#8221;h3&#8243; text_color=&#8221;#000000&#8243; line_reveal_by_space_text_effect=&#8221;twist-bottom&#8221; stagger_animation=&#8221;true&#8221; content_alignment=&#8221;center&#8221; mobile_content_alignment=&#8221;inherit&#8221; link_target=&#8221;_self&#8221; text_content=&#8221;Baross street student accommodation video&#8221;][\/split_line_heading][nectar_video_player_self_hosted video_mp4=&#8221;https:\/\/studentroomforrent.hu\/wp-content\/uploads\/2024\/04\/Diaklakas_Baross_1_min_16_9_v4_vegiglogozott.mp4&#8243; video_image=&#8221;7021&#8243; player_functionality=&#8221;default&#8221; border_radius=&#8221;none&#8221; box_shadow=&#8221;none&#8221; advanced_gradient_display_type=&#8221;linear&#8221;][\/vc_column][\/vc_row][vc_row type=&#8221;in_container&#8221; full_screen_row_position=&#8221;middle&#8221; column_margin=&#8221;default&#8221; column_direction=&#8221;default&#8221; column_direction_tablet=&#8221;default&#8221; column_direction_phone=&#8221;default&#8221; scene_position=&#8221;center&#8221; text_color=&#8221;dark&#8221; text_align=&#8221;left&#8221; row_border_radius=&#8221;none&#8221; row_border_radius_applies=&#8221;bg&#8221; overflow=&#8221;visible&#8221; overlay_strength=&#8221;0.3&#8243; gradient_direction=&#8221;left_to_right&#8221; shape_divider_position=&#8221;bottom&#8221; bg_image_animation=&#8221;none&#8221;][vc_column column_padding=&#8221;no-extra-padding&#8221; column_padding_tablet=&#8221;inherit&#8221; column_padding_phone=&#8221;inherit&#8221; column_padding_position=&#8221;all&#8221; column_element_direction_desktop=&#8221;default&#8221; column_element_spacing=&#8221;default&#8221; desktop_text_alignment=&#8221;default&#8221; tablet_text_alignment=&#8221;default&#8221; phone_text_alignment=&#8221;default&#8221; background_color_opacity=&#8221;1&#8243; background_hover_color_opacity=&#8221;1&#8243; column_backdrop_filter=&#8221;none&#8221; column_shadow=&#8221;none&#8221; column_border_radius=&#8221;none&#8221; column_link_target=&#8221;_self&#8221; column_position=&#8221;default&#8221; gradient_direction=&#8221;left_to_right&#8221; overlay_strength=&#8221;0.3&#8243; width=&#8221;1\/1&#8243; tablet_width_inherit=&#8221;default&#8221; animation_type=&#8221;default&#8221; bg_image_animation=&#8221;none&#8221; border_type=&#8221;simple&#8221; column_border_width=&#8221;none&#8221; column_border_style=&#8221;solid&#8221;][nectar_video_player_self_hosted video_mp4=&#8221;https:\/\/studentroomforrent.hu\/wp-content\/uploads\/2022\/11\/Diaklakas_Baross_Madrid_szoba_15_mp_16_9_vegen_logo.mp4&#8243; player_functionality=&#8221;default&#8221; border_radius=&#8221;none&#8221; box_shadow=&#8221;none&#8221; advanced_gradient_display_type=&#8221;linear&#8221;][vc_video link=&#8221;https:\/\/youtu.be\/u8msB3vmV00&#8243;][\/vc_column][\/vc_row]\n","protected":false},"excerpt":{"rendered":"<p>[vc_row type=&#8221;full_width_background&#8221; full_screen_row_position=&#8221;middle&#8221; column_margin=&#8221;default&#8221; column_direction=&#8221;default&#8221; column_direction_tablet=&#8221;default&#8221; column_direction_phone=&#8221;default&#8221; bg_image=&#8221;7307&#8243; bg_position=&#8221;center center&#8221; background_image_loading=&#8221;skip-lazy-load&#8221; bg_repeat=&#8221;no-repeat&#8221; scene_position=&#8221;center&#8221; top_padding=&#8221;7%&#8221; bottom_padding=&#8221;12%&#8221; text_color=&#8221;light&#8221; text_align=&#8221;left&#8221; row_border_radius=&#8221;none&#8221; row_border_radius_applies=&#8221;bg&#8221; overflow=&#8221;visible&#8221; enable_gradient=&#8221;true&#8221; color_overlay=&#8221;#000000&#8243; color_overlay_2=&#8221;#000000&#8243; advanced_gradient_angle=&#8221;0&#8243; overlay_strength=&#8221;0.3&#8243; gradient_direction=&#8221;left_to_right&#8221; enable_shape_divider=&#8221;true&#8221; shape_divider_position=&#8221;bottom&#8221; shape_divider_height=&#8221;150&#8243; bg_image_animation=&#8221;fade-in&#8221;&#8230;<\/p>\n","protected":false},"author":1,"featured_media":7015,"parent":0,"menu_order":0,"comment_status":"closed","ping_status":"closed","template":"","meta":{"_acf_changed":false,"footnotes":""},"class_list":["post-7306","page","type-page","status-publish","has-post-thumbnail"],"acf":[],"yoast_head":"<title>Student Accommodation, Student Housing, Dormitories in Budapest<\/title>\n<meta name=\"description\" content=\"Find the ideal student accommodation in Budapest. Discover comfortable and convenient options near universities and city attractions.\" \/>\n<meta name=\"robots\" content=\"index, follow, max-snippet:-1, max-image-preview:large, max-video-preview:-1\" \/>\n<link rel=\"canonical\" href=\"https:\/\/studentroomforrent.hu\/hu\/student-accommodation-budapest\/\" \/>\n<meta property=\"og:locale\" content=\"hu_HU\" \/>\n<meta property=\"og:type\" content=\"article\" \/>\n<meta property=\"og:title\" content=\"Student Accommodation Budapest videos\" \/>\n<meta property=\"og:description\" content=\"Find the ideal student accommodation in Budapest. Discover comfortable and convenient options near universities and city attractions.\" \/>\n<meta property=\"og:url\" content=\"https:\/\/studentroomforrent.hu\/hu\/student-accommodation-budapest\/\" \/>\n<meta property=\"og:site_name\" content=\"Di\u00e1klak\u00e1s Budapesten\" \/>\n<meta property=\"article:publisher\" content=\"https:\/\/www.facebook.com\/studentroomforrentBudapest\" \/>\n<meta property=\"article:modified_time\" content=\"2024-05-21T10:20:14+00:00\" \/>\n<meta property=\"og:image\" content=\"https:\/\/studentroomforrent.hu\/wp-content\/uploads\/2022\/11\/E0A0563_33.jpg\" \/>\n\t<meta property=\"og:image:width\" content=\"1980\" \/>\n\t<meta property=\"og:image:height\" content=\"1320\" \/>\n\t<meta property=\"og:image:type\" content=\"image\/jpeg\" \/>\n<meta name=\"twitter:card\" content=\"summary_large_image\" \/>\n<meta name=\"twitter:label1\" content=\"Becs\u00fclt olvas\u00e1si id\u0151\" \/>\n\t<meta name=\"twitter:data1\" content=\"3 perc\" \/>\n<script type=\"application\/ld+json\" class=\"yoast-schema-graph\">{\"@context\":\"https:\\\/\\\/schema.org\",\"@graph\":[{\"@type\":\"WebPage\",\"@id\":\"https:\\\/\\\/studentroomforrent.hu\\\/hu\\\/student-accommodation-budapest\\\/\",\"url\":\"https:\\\/\\\/studentroomforrent.hu\\\/hu\\\/student-accommodation-budapest\\\/\",\"name\":\"Student Accommodation, Student Housing, Dormitories in Budapest\",\"isPartOf\":{\"@id\":\"https:\\\/\\\/studentroomforrent.hu\\\/hu\\\/#website\"},\"primaryImageOfPage\":{\"@id\":\"https:\\\/\\\/studentroomforrent.hu\\\/hu\\\/student-accommodation-budapest\\\/#primaryimage\"},\"image\":{\"@id\":\"https:\\\/\\\/studentroomforrent.hu\\\/hu\\\/student-accommodation-budapest\\\/#primaryimage\"},\"thumbnailUrl\":\"https:\\\/\\\/studentroomforrent.hu\\\/wp-content\\\/uploads\\\/2022\\\/11\\\/E0A0563_33.jpg\",\"datePublished\":\"2024-04-09T06:49:26+00:00\",\"dateModified\":\"2024-05-21T10:20:14+00:00\",\"description\":\"Find the ideal student accommodation in Budapest. Discover comfortable and convenient options near universities and city attractions.\",\"breadcrumb\":{\"@id\":\"https:\\\/\\\/studentroomforrent.hu\\\/hu\\\/student-accommodation-budapest\\\/#breadcrumb\"},\"inLanguage\":\"hu\",\"potentialAction\":[{\"@type\":\"ReadAction\",\"target\":[\"https:\\\/\\\/studentroomforrent.hu\\\/hu\\\/student-accommodation-budapest\\\/\"]}]},{\"@type\":\"ImageObject\",\"inLanguage\":\"hu\",\"@id\":\"https:\\\/\\\/studentroomforrent.hu\\\/hu\\\/student-accommodation-budapest\\\/#primaryimage\",\"url\":\"https:\\\/\\\/studentroomforrent.hu\\\/wp-content\\\/uploads\\\/2022\\\/11\\\/E0A0563_33.jpg\",\"contentUrl\":\"https:\\\/\\\/studentroomforrent.hu\\\/wp-content\\\/uploads\\\/2022\\\/11\\\/E0A0563_33.jpg\",\"width\":1980,\"height\":1320,\"caption\":\"Student_room_for_rent_Budapest_Baross_street_10_Accommodation\"},{\"@type\":\"BreadcrumbList\",\"@id\":\"https:\\\/\\\/studentroomforrent.hu\\\/hu\\\/student-accommodation-budapest\\\/#breadcrumb\",\"itemListElement\":[{\"@type\":\"ListItem\",\"position\":1,\"name\":\"Home\",\"item\":\"https:\\\/\\\/studentroomforrent.hu\\\/hu\\\/\"},{\"@type\":\"ListItem\",\"position\":2,\"name\":\"Student Accommodation Budapest videos\"}]},{\"@type\":\"WebSite\",\"@id\":\"https:\\\/\\\/studentroomforrent.hu\\\/hu\\\/#website\",\"url\":\"https:\\\/\\\/studentroomforrent.hu\\\/hu\\\/\",\"name\":\"Di\u00e1ksz\u00e1ll\u00e1s, di\u00e1klak\u00e1s Budapest Student Accommodation Budapest\",\"description\":\"Alb\u00e9rlet, ahol alap, hogy j\u00f3l \u00e9rzed magad!\",\"publisher\":{\"@id\":\"https:\\\/\\\/studentroomforrent.hu\\\/hu\\\/#organization\"},\"alternateName\":\"Student Accommodation, Student Housing Budapest\",\"potentialAction\":[{\"@type\":\"SearchAction\",\"target\":{\"@type\":\"EntryPoint\",\"urlTemplate\":\"https:\\\/\\\/studentroomforrent.hu\\\/hu\\\/?s={search_term_string}\"},\"query-input\":{\"@type\":\"PropertyValueSpecification\",\"valueRequired\":true,\"valueName\":\"search_term_string\"}}],\"inLanguage\":\"hu\"},{\"@type\":\"Organization\",\"@id\":\"https:\\\/\\\/studentroomforrent.hu\\\/hu\\\/#organization\",\"name\":\"Di\u00e1klak\u00e1s, di\u00e1ksz\u00e1ll\u00e1s Student Accommodation Budapest\",\"alternateName\":\"Student Accommodation, Student Housing Budapest\",\"url\":\"https:\\\/\\\/studentroomforrent.hu\\\/hu\\\/\",\"logo\":{\"@type\":\"ImageObject\",\"inLanguage\":\"hu\",\"@id\":\"https:\\\/\\\/studentroomforrent.hu\\\/hu\\\/#\\\/schema\\\/logo\\\/image\\\/\",\"url\":\"https:\\\/\\\/studentroomforrent.hu\\\/wp-content\\\/uploads\\\/2019\\\/05\\\/diaklakas-logo-vertical-color.png\",\"contentUrl\":\"https:\\\/\\\/studentroomforrent.hu\\\/wp-content\\\/uploads\\\/2019\\\/05\\\/diaklakas-logo-vertical-color.png\",\"width\":594,\"height\":477,\"caption\":\"Di\u00e1klak\u00e1s, di\u00e1ksz\u00e1ll\u00e1s Student Accommodation Budapest\"},\"image\":{\"@id\":\"https:\\\/\\\/studentroomforrent.hu\\\/hu\\\/#\\\/schema\\\/logo\\\/image\\\/\"},\"sameAs\":[\"https:\\\/\\\/www.facebook.com\\\/studentroomforrentBudapest\",\"https:\\\/\\\/www.youtube.com\\\/@studentaccommodationbudapest\",\"https:\\\/\\\/www.instagram.com\\\/diaklakas_student_apartments\\\/\"]}]}<\/script>","yoast_head_json":{"title":"Student Accommodation, Student Housing, Dormitories in Budapest","description":"Find the ideal student accommodation in Budapest. Discover comfortable and convenient options near universities and city attractions.","robots":{"index":"index","follow":"follow","max-snippet":"max-snippet:-1","max-image-preview":"max-image-preview:large","max-video-preview":"max-video-preview:-1"},"canonical":"https:\/\/studentroomforrent.hu\/hu\/student-accommodation-budapest\/","og_locale":"hu_HU","og_type":"article","og_title":"Student Accommodation Budapest videos","og_description":"Find the ideal student accommodation in Budapest. Discover comfortable and convenient options near universities and city attractions.","og_url":"https:\/\/studentroomforrent.hu\/hu\/student-accommodation-budapest\/","og_site_name":"Di\u00e1klak\u00e1s Budapesten","article_publisher":"https:\/\/www.facebook.com\/studentroomforrentBudapest","article_modified_time":"2024-05-21T10:20:14+00:00","og_image":[{"width":1980,"height":1320,"url":"https:\/\/studentroomforrent.hu\/wp-content\/uploads\/2022\/11\/E0A0563_33.jpg","type":"image\/jpeg"}],"twitter_card":"summary_large_image","twitter_misc":{"Becs\u00fclt olvas\u00e1si id\u0151":"3 perc"},"schema":{"@context":"https:\/\/schema.org","@graph":[{"@type":"WebPage","@id":"https:\/\/studentroomforrent.hu\/hu\/student-accommodation-budapest\/","url":"https:\/\/studentroomforrent.hu\/hu\/student-accommodation-budapest\/","name":"Student Accommodation, Student Housing, Dormitories in Budapest","isPartOf":{"@id":"https:\/\/studentroomforrent.hu\/hu\/#website"},"primaryImageOfPage":{"@id":"https:\/\/studentroomforrent.hu\/hu\/student-accommodation-budapest\/#primaryimage"},"image":{"@id":"https:\/\/studentroomforrent.hu\/hu\/student-accommodation-budapest\/#primaryimage"},"thumbnailUrl":"https:\/\/studentroomforrent.hu\/wp-content\/uploads\/2022\/11\/E0A0563_33.jpg","datePublished":"2024-04-09T06:49:26+00:00","dateModified":"2024-05-21T10:20:14+00:00","description":"Find the ideal student accommodation in Budapest. Discover comfortable and convenient options near universities and city attractions.","breadcrumb":{"@id":"https:\/\/studentroomforrent.hu\/hu\/student-accommodation-budapest\/#breadcrumb"},"inLanguage":"hu","potentialAction":[{"@type":"ReadAction","target":["https:\/\/studentroomforrent.hu\/hu\/student-accommodation-budapest\/"]}]},{"@type":"ImageObject","inLanguage":"hu","@id":"https:\/\/studentroomforrent.hu\/hu\/student-accommodation-budapest\/#primaryimage","url":"https:\/\/studentroomforrent.hu\/wp-content\/uploads\/2022\/11\/E0A0563_33.jpg","contentUrl":"https:\/\/studentroomforrent.hu\/wp-content\/uploads\/2022\/11\/E0A0563_33.jpg","width":1980,"height":1320,"caption":"Student_room_for_rent_Budapest_Baross_street_10_Accommodation"},{"@type":"BreadcrumbList","@id":"https:\/\/studentroomforrent.hu\/hu\/student-accommodation-budapest\/#breadcrumb","itemListElement":[{"@type":"ListItem","position":1,"name":"Home","item":"https:\/\/studentroomforrent.hu\/hu\/"},{"@type":"ListItem","position":2,"name":"Student Accommodation Budapest videos"}]},{"@type":"WebSite","@id":"https:\/\/studentroomforrent.hu\/hu\/#website","url":"https:\/\/studentroomforrent.hu\/hu\/","name":"Di\u00e1ksz\u00e1ll\u00e1s, di\u00e1klak\u00e1s Budapest Student Accommodation Budapest","description":"Alb\u00e9rlet, ahol alap, hogy j\u00f3l \u00e9rzed magad!","publisher":{"@id":"https:\/\/studentroomforrent.hu\/hu\/#organization"},"alternateName":"Student Accommodation, Student Housing Budapest","potentialAction":[{"@type":"SearchAction","target":{"@type":"EntryPoint","urlTemplate":"https:\/\/studentroomforrent.hu\/hu\/?s={search_term_string}"},"query-input":{"@type":"PropertyValueSpecification","valueRequired":true,"valueName":"search_term_string"}}],"inLanguage":"hu"},{"@type":"Organization","@id":"https:\/\/studentroomforrent.hu\/hu\/#organization","name":"Di\u00e1klak\u00e1s, di\u00e1ksz\u00e1ll\u00e1s Student Accommodation Budapest","alternateName":"Student Accommodation, Student Housing Budapest","url":"https:\/\/studentroomforrent.hu\/hu\/","logo":{"@type":"ImageObject","inLanguage":"hu","@id":"https:\/\/studentroomforrent.hu\/hu\/#\/schema\/logo\/image\/","url":"https:\/\/studentroomforrent.hu\/wp-content\/uploads\/2019\/05\/diaklakas-logo-vertical-color.png","contentUrl":"https:\/\/studentroomforrent.hu\/wp-content\/uploads\/2019\/05\/diaklakas-logo-vertical-color.png","width":594,"height":477,"caption":"Di\u00e1klak\u00e1s, di\u00e1ksz\u00e1ll\u00e1s Student Accommodation Budapest"},"image":{"@id":"https:\/\/studentroomforrent.hu\/hu\/#\/schema\/logo\/image\/"},"sameAs":["https:\/\/www.facebook.com\/studentroomforrentBudapest","https:\/\/www.youtube.com\/@studentaccommodationbudapest","https:\/\/www.instagram.com\/diaklakas_student_apartments\/"]}]}},"_links":{"self":[{"href":"https:\/\/studentroomforrent.hu\/hu\/wp-json\/wp\/v2\/pages\/7306","targetHints":{"allow":["GET"]}}],"collection":[{"href":"https:\/\/studentroomforrent.hu\/hu\/wp-json\/wp\/v2\/pages"}],"about":[{"href":"https:\/\/studentroomforrent.hu\/hu\/wp-json\/wp\/v2\/types\/page"}],"author":[{"embeddable":true,"href":"https:\/\/studentroomforrent.hu\/hu\/wp-json\/wp\/v2\/users\/1"}],"replies":[{"embeddable":true,"href":"https:\/\/studentroomforrent.hu\/hu\/wp-json\/wp\/v2\/comments?post=7306"}],"version-history":[{"count":17,"href":"https:\/\/studentroomforrent.hu\/hu\/wp-json\/wp\/v2\/pages\/7306\/revisions"}],"predecessor-version":[{"id":7343,"href":"https:\/\/studentroomforrent.hu\/hu\/wp-json\/wp\/v2\/pages\/7306\/revisions\/7343"}],"wp:featuredmedia":[{"embeddable":true,"href":"https:\/\/studentroomforrent.hu\/hu\/wp-json\/wp\/v2\/media\/7015"}],"wp:attachment":[{"href":"https:\/\/studentroomforrent.hu\/hu\/wp-json\/wp\/v2\/media?parent=7306"}],"curies":[{"name":"wp","href":"https:\/\/api.w.org\/{rel}","templated":true}]}}