{"id":7148,"date":"2023-08-23T13:53:57","date_gmt":"2023-08-23T11:53:57","guid":{"rendered":"https:\/\/diaklakas.hu\/?page_id=7148"},"modified":"2023-08-30T15:39:25","modified_gmt":"2023-08-30T13:39:25","slug":"teszt","status":"publish","type":"page","link":"https:\/\/studentroomforrent.hu\/hu\/teszt\/","title":{"rendered":"Teszt"},"content":{"rendered":"[vc_row type=&#8221;full_width_background&#8221; full_screen_row_position=&#8221;middle&#8221; column_margin=&#8221;default&#8221; column_direction=&#8221;default&#8221; column_direction_tablet=&#8221;default&#8221; column_direction_phone=&#8221;default&#8221; scene_position=&#8221;center&#8221; text_color=&#8221;dark&#8221; text_align=&#8221;left&#8221; row_border_radius=&#8221;none&#8221; row_border_radius_applies=&#8221;bg&#8221; overflow=&#8221;visible&#8221; id=&#8221;szobak&#8221; overlay_strength=&#8221;0.3&#8243; gradient_direction=&#8221;left_to_right&#8221; shape_divider_position=&#8221;bottom&#8221; bg_image_animation=&#8221;none&#8221; gradient_type=&#8221;default&#8221; shape_type=&#8221;&#8221;][vc_column column_padding=&#8221;no-extra-padding&#8221; column_padding_tablet=&#8221;inherit&#8221; column_padding_phone=&#8221;inherit&#8221; column_padding_position=&#8221;all&#8221; column_element_direction_desktop=&#8221;default&#8221; column_element_spacing=&#8221;default&#8221; desktop_text_alignment=&#8221;default&#8221; tablet_text_alignment=&#8221;default&#8221; phone_text_alignment=&#8221;default&#8221; background_color_opacity=&#8221;1&#8243; background_hover_color_opacity=&#8221;1&#8243; column_backdrop_filter=&#8221;none&#8221; column_shadow=&#8221;none&#8221; column_border_radius=&#8221;none&#8221; column_link_target=&#8221;_self&#8221; column_position=&#8221;default&#8221; gradient_direction=&#8221;left_to_right&#8221; overlay_strength=&#8221;0.3&#8243; width=&#8221;1\/1&#8243; tablet_width_inherit=&#8221;default&#8221; animation_type=&#8221;default&#8221; bg_image_animation=&#8221;none&#8221; border_type=&#8221;simple&#8221; column_border_width=&#8221;none&#8221; column_border_style=&#8221;solid&#8221;][vc_row_inner column_margin=&#8221;default&#8221; column_direction=&#8221;default&#8221; column_direction_tablet=&#8221;default&#8221; column_direction_phone=&#8221;default&#8221; text_align=&#8221;left&#8221; row_position=&#8221;default&#8221; row_position_tablet=&#8221;inherit&#8221; row_position_phone=&#8221;inherit&#8221; overflow=&#8221;visible&#8221; pointer_events=&#8221;all&#8221;][vc_column_inner column_padding=&#8221;no-extra-padding&#8221; column_padding_tablet=&#8221;inherit&#8221; column_padding_phone=&#8221;inherit&#8221; column_padding_position=&#8221;all&#8221; column_element_direction_desktop=&#8221;default&#8221; column_element_spacing=&#8221;default&#8221; desktop_text_alignment=&#8221;default&#8221; tablet_text_alignment=&#8221;default&#8221; phone_text_alignment=&#8221;default&#8221; background_color_opacity=&#8221;1&#8243; background_hover_color_opacity=&#8221;1&#8243; column_backdrop_filter=&#8221;none&#8221; column_shadow=&#8221;none&#8221; column_border_radius=&#8221;none&#8221; column_link_target=&#8221;_self&#8221; overflow=&#8221;visible&#8221; gradient_direction=&#8221;left_to_right&#8221; overlay_strength=&#8221;0.3&#8243; width=&#8221;1\/1&#8243; tablet_width_inherit=&#8221;default&#8221; animation_type=&#8221;default&#8221; bg_image_animation=&#8221;none&#8221; border_type=&#8221;simple&#8221; column_border_width=&#8221;none&#8221; column_border_style=&#8221;solid&#8221;][vc_custom_heading text=&#8221;Legk\u00f6zelebbi szabad szob\u00e1ink:&#8221; font_container=&#8221;tag:h3|text_align:left&#8221; use_theme_fonts=&#8221;yes&#8221;][vc_column_text]\t\t\t\t\t<link rel='stylesheet' id='nectar-owl-carousel-css' href='https:\/\/studentroomforrent.hu\/wp-content\/themes\/salient\/css\/build\/plugins\/owl-carousel.css' type='text\/css' media='all' \/>\n\t\t\t\t\t<script type='text\/javascript' src='https:\/\/studentroomforrent.hu\/wp-content\/themes\/salient\/js\/build\/third-party\/owl.carousel.min.js' id='owl-carousel-js'><\/script>\n\t\t\t\t\n    <link rel='stylesheet' id='nectar-portfolio-css' href='https:\/\/studentroomforrent.hu\/wp-content\/themes\/salient-child\/js\/lightpicker\/lightpick.css' type='text\/css' media='all' \/>\n    <script type='text\/javascript' src='https:\/\/studentroomforrent.hu\/wp-content\/themes\/salient-child\/js\/lightpicker\/moment.min.js' id='moment-js'><\/script>\n    <script type='text\/javascript' src='https:\/\/studentroomforrent.hu\/wp-content\/themes\/salient-child\/js\/lightpicker\/lightpick.js' id='lightpick-js'><\/script>\n    \n    <form id=\"room_next_date_selection\">\n    \t<input id=\"wpml_language_code\" type=\"hidden\" name=\"\" value=\"hu\">\n    \t<label class=\"lightpicker_date_label ib\">K\u00e9rj\u00fck, v\u00e1lassz d\u00e1tumot!<\/label>\n    \t<input id=\"lightpicker\" type=\"text\" name=\"lightpicker_date\" class=\"lightpicker_date_input\" autocomplete=\"off\" value=\"2026-05-01\">\n  \t<\/form>\n    <code id=\"result-lightpicker\" class=\"\"><\/code>\n\n    <!--<a id=\"the_refresh_button\" href=\"#\">Refresh<\/a>-->\n    \n        \t\t<section id=\"display_next_free_rooms\" class=\"rooms_owl_slider\">\n    \t\t\t<div id=\"free_rooms_amount\"><\/div>\n\t\t\t\t\t<div id=\"owl-carousel-block\" class=\"owl-carousel owl-theme\" data-enable-animation=\"\" data-loop=\"false\" data-animation-delay=\"0\" data-autorotate=\"true\" data-autorotation-speed=\"5000\" data-column-padding=\"0\" data-desktop-cols=\"4\" data-desktop-small-cols=\"4\" data-tablet-cols=\"1\" data-mobile-cols=\"1\">\n\t\t\t\t\t\t<!-- SLIDER ITEMS HERE -->\n\t\t\t\t\t<\/div>\n\t\t\t\t<\/section>\n\t\t\t\t\n\t\t<script type=\"text\/javascript\">\n\t\tjQuery(document).ready(function($)\n\t\t{\n\t\t\tvar messageOutput = $(`#result-lightpicker`);\n\t\t\tconst languageCode = $(`#wpml_language_code`).val(); \/\/ hu | en\n\t\t\tvar filters = {\n\t\t\t\tlanguage: languageCode,\n\t\t\t\tfromdate: null,\n\t\t\t\tdisplay: null,\n\t\t\t};\n\n\t\t\tvar picker = new Lightpick({\n\t\t    field: document.getElementById('lightpicker'),\n\t\t    minDate: moment().add(1,'d').format('YYYY-MM-DD'),\n\t\t    lang: languageCode,\n\t\t    format: 'YYYY-MM-DD',\n\t\t    onSelect: function(date) {\n\t        document.getElementById('result-lightpicker').innerHTML = date.format('YYYY-MM-DD');\n\t        masonryRefreshing();\n\t        sliderRefreshing();\n\t\t    }\n\t\t\t});\n\n\t\t\tif ( $(`.rooms_owl_slider`)[0] ) {\n\t\t\t\tsliderRefreshing();\n\t\t\t}\n\n\t\t\tfunction sliderRefreshing()\n\t\t\t{\n\t\t\t\tif ( $(`.rooms_owl_slider`)[0] ) {\n\n\t        let fromDate = $(`#lightpicker`).val();\n\t\t\t\t\tfilters.fromdate = fromDate;\n\t\t\t\t\tfilters.display = 'slider';\n\t\t\t\t\t$(messageOutput).html(`<img decoding=\"async\" src=\"https:\/\/studentroomforrent.hu\/wp-content\/themes\/salient-child\/img\/ajax-loader.gif\" class=\"loader\" alt=\"loading\">`);\n\t\t\t\t\t\/\/ console.log(`fromDate (slider): ${fromDate}`);\n\n\t        let ajaxRequest = $.ajax({\n            url: \"https:\/\/studentroomforrent.hu\/wp-content\/themes\/salient-child\/ajax-filter_rooms.php\",\n            type: \"post\",\n            data: filters\n\t        });\n\n\t        ajaxRequest.done(function (response, textStatus, jqXHR) {\n\t\t\n\t\t\t\t\t\t\/\/ GET EXISTING CAROUSEL DATA\n\t\t\t\t\t\tvar $carousel = jQuery('#owl-carousel-block');\n\t\t\t\t\t\tvar carouselData = $carousel.data();\n\t\t\t\t\t\tvar carouselOptions = carouselData['owl.carousel'].options;\n\t\t\t\t\t\t\/\/ console.log(carouselOptions);\n\t\t\t\t\t\tcarouselOptions.autoplay = true;\n\t\t\t\t\t\tcarouselOptions.margin = 15;\n\t\t\t\t\t\tcarouselOptions.autoplayTimeout = \"6000\";\n\t\t\t\t\n\t\t\t\t\t\t\/\/ SET NEW CAROUSEL BY AJAX DATA\n\t\t\t\t\t\t$(messageOutput).html(``);\n\t\t\t\t\t\t$carousel.trigger('destroy.owl.carousel');\n\t\t\t\t\t\t\/\/ $carousel.trigger('refresh.owl.carousel');\n\t\t\t\t\t\t$('#owl-carousel-block').removeClass(`owl-loaded owl-drag`);\n\t\t\t\t\t\t$('#owl-carousel-block').html(response);\n\t\t\t\t\t\t$('#owl-carousel-block').owlCarousel(carouselOptions);\n\n\t\t\t\t\t\tlet postsCount = $(`#owl-carousel-block .carousel-item`).attr(`attr-posts-count`);\n\t\t\t\t\t\t$(`#result-lightpicker`).html(`${postsCount}`);\n\n\t        });\n\n\t        ajaxRequest.fail(function (){\n\t\t\t\t\t\tconsole.log('Hiba t\u00f6rt\u00e9nt az adatk\u00fcld\u00e9s k\u00f6zben.');\n\t        });\n\n\t\t\t\t}\n\t\t\t}\n\n\t\t\tfunction masonryRefreshing()\n\t\t\t{\n\t\t\t\tif ( $(`.rooms_masonry`)[0] ) {\n\n\t        let fromDate = $(`#lightpicker`).val();\n\t\t\t\t\tfilters.fromdate = fromDate;\n\t\t\t\t\tfilters.display = 'masonry';\n\t\t\t\t\t\n\t\t\t\t\t$(messageOutput).html(`<img decoding=\"async\" src=\"https:\/\/studentroomforrent.hu\/wp-content\/themes\/salient-child\/img\/ajax-loader.gif\" class=\"loader\" alt=\"loading\">`);\n\t        let ajaxRequest = $.ajax({\n\t            url: \"https:\/\/studentroomforrent.hu\/wp-content\/themes\/salient-child\/ajax-filter_rooms.php\",\n\t            type: \"post\",\n\t            data: filters\n\t        });\n\n\t        ajaxRequest.done(function (response, textStatus, jqXHR){\n\t\t\t\t\t\t\n\t\t\t\t\t\t$(messageOutput).html(``);\n\t\t\t\t\t\t\/\/ $(messageOutput).html(response);\n\t\t\t\t\t\t$(`#display_next_free_rooms`).find(`div.col.element`).hide();\n\t\t\t\t\t\tvar postIds = response.split(',');\n\t\t\t\t\t\t\n\t\t\t\t\t\tif ( postIds ) {\n\t\t\t\t\t\t\t\n\t\t\t\t\t\t\t$(postIds).each(function( index, element ) {\n\t\t\t\t\t\t\t\tconsole.log(`ID: ${element}`);\n\t\t\t\t\t\t\t\t$(`#display_next_free_rooms`).find(`div.col.element[attr-id=\"${element}\"]`).show();\n\t\t\t\t\t\t\t});\n\n\t\t\t\t\t\t} else {\n\t\t\t\t\t\t\t$(messageOutput).html(`No posts found`);\n\t\t\t\t\t\t}\n\t\t\t\t\t\t\/\/ console.log(postIds);\n\t\t\t\t\t\tmasonryRefreshed();\n\t        });\n\n\t        ajaxRequest.fail(function (){\n\t\t\t\t\t\tconsole.log('Hiba t\u00f6rt\u00e9nt az adatk\u00fcld\u00e9s k\u00f6zben.');\n\t        });\n\n\t\t\t\t}\n\n\t\t\t}\n\n\t\t\tfunction masonryRefreshed()\n\t\t\t{\n\t\t\t\t$('.masonry-items').isotope({\n\t\t      itemSelector : '.element',\n\t\t      layoutMode: 'packery',\n\t\t      transitionDuration: 0,\n\t\t      isOriginLeft: true,\n\t\t      packery: {\n\t\t        gutter: 0\n\t\t      }\n\t\t    }).isotope( 'layout' );\n\t\t\t}\n\n\t\t\t$(`#the_refresh_button`).click(function(e) {\n\t\t\t\te.preventDefault();\n\n\t\t\t\/\/ var $carousel = jQuery('#owl-carousel-block');\n\t\t\t\/\/ var carouselData = $carousel.data();\n\t\t\t\/\/ var carouselOptions = carouselData['owl.carousel'].options;\n\t\t\t\/\/ console.log(carouselOptions);\n\t\t\t\/\/ carouselOptions.autoplay = true;\n\t\t\t\/\/ $carousel.trigger('refresh.owl.carousel');\n\t\t\t\t\t\t\t\n\t\t\t\/\/ var carouselData = $carousel.data();\n\t\t\t\/\/ var carouselOptions = carouselData['owl.carousel'].options;\n\t\t\t\/\/ console.log(carouselOptions);\n\n\t\t\t\/\/ $('#products').isotope( 'reloadItems' ).isotope( { sortBy: 'original-order' } );\n\t\t\t\/\/ $('#products').isotope( 'reloadItems' ).isotope();\n\t\t\t\/\/ var $items = $(response).find('.grid-item');\n\t\t\t\/\/ $container.append($items);                    \/\/add items to grid\n\t\t\t\/\/ $container.imagesLoaded(function(){\n\t\t\t\/\/   $container.isotope( 'appended', $items );   \/\/add items to isotope after images are loaded\n\t\t\t\/\/ });\n\n\t\t\t\/\/ $(`.col.baross-10.kozepes-szoba`).toggle();\n\t\t\t\/\/ console.log(`Masonry REFRESH!`);\n\n\n\t\t\t});\n\n\n\t\t});\n\n\t\t<\/script>\n\n    [\/vc_column_text][\/vc_column_inner][\/vc_row_inner][\/vc_column][\/vc_row]\n","protected":false},"excerpt":{"rendered":"<p>[vc_row type=&#8221;full_width_background&#8221; full_screen_row_position=&#8221;middle&#8221; column_margin=&#8221;default&#8221; column_direction=&#8221;default&#8221; column_direction_tablet=&#8221;default&#8221; column_direction_phone=&#8221;default&#8221; scene_position=&#8221;center&#8221; text_color=&#8221;dark&#8221; text_align=&#8221;left&#8221; row_border_radius=&#8221;none&#8221; row_border_radius_applies=&#8221;bg&#8221; overflow=&#8221;visible&#8221; id=&#8221;szobak&#8221; overlay_strength=&#8221;0.3&#8243; gradient_direction=&#8221;left_to_right&#8221; shape_divider_position=&#8221;bottom&#8221; bg_image_animation=&#8221;none&#8221; gradient_type=&#8221;default&#8221; shape_type=&#8221;&#8221;][vc_column column_padding=&#8221;no-extra-padding&#8221; column_padding_tablet=&#8221;inherit&#8221; column_padding_phone=&#8221;inherit&#8221; column_padding_position=&#8221;all&#8221; column_element_direction_desktop=&#8221;default&#8221; column_element_spacing=&#8221;default&#8221; desktop_text_alignment=&#8221;default&#8221; tablet_text_alignment=&#8221;default&#8221; phone_text_alignment=&#8221;default&#8221; background_color_opacity=&#8221;1&#8243;&#8230;<\/p>\n","protected":false},"author":1,"featured_media":0,"parent":0,"menu_order":0,"comment_status":"closed","ping_status":"closed","template":"","meta":{"_acf_changed":false,"footnotes":""},"class_list":["post-7148","page","type-page","status-publish"],"acf":[],"yoast_head":"<title>Teszt - Di\u00e1klak\u00e1s Budapesten<\/title>\n<meta name=\"robots\" content=\"index, follow, max-snippet:-1, max-image-preview:large, max-video-preview:-1\" \/>\n<link rel=\"canonical\" href=\"https:\/\/studentroomforrent.hu\/hu\/teszt\/\" \/>\n<meta property=\"og:locale\" content=\"hu_HU\" \/>\n<meta property=\"og:type\" content=\"article\" \/>\n<meta property=\"og:title\" content=\"Teszt\" \/>\n<meta property=\"og:description\" content=\"[vc_row type=&#8221;full_width_background&#8221; full_screen_row_position=&#8221;middle&#8221; column_margin=&#8221;default&#8221; column_direction=&#8221;default&#8221; column_direction_tablet=&#8221;default&#8221; column_direction_phone=&#8221;default&#8221; scene_position=&#8221;center&#8221; text_color=&#8221;dark&#8221; text_align=&#8221;left&#8221; row_border_radius=&#8221;none&#8221; row_border_radius_applies=&#8221;bg&#8221; overflow=&#8221;visible&#8221; id=&#8221;szobak&#8221; overlay_strength=&#8221;0.3&#8243; gradient_direction=&#8221;left_to_right&#8221; shape_divider_position=&#8221;bottom&#8221; bg_image_animation=&#8221;none&#8221; gradient_type=&#8221;default&#8221; shape_type=&#8221;&#8221;][vc_column column_padding=&#8221;no-extra-padding&#8221; column_padding_tablet=&#8221;inherit&#8221; column_padding_phone=&#8221;inherit&#8221; column_padding_position=&#8221;all&#8221; column_element_direction_desktop=&#8221;default&#8221; column_element_spacing=&#8221;default&#8221; desktop_text_alignment=&#8221;default&#8221; tablet_text_alignment=&#8221;default&#8221; phone_text_alignment=&#8221;default&#8221; background_color_opacity=&#8221;1&#8243;...\" \/>\n<meta property=\"og:url\" content=\"https:\/\/studentroomforrent.hu\/hu\/teszt\/\" \/>\n<meta property=\"og:site_name\" content=\"Di\u00e1klak\u00e1s Budapesten\" \/>\n<meta property=\"article:publisher\" content=\"https:\/\/www.facebook.com\/studentroomforrentBudapest\" \/>\n<meta property=\"article:modified_time\" content=\"2023-08-30T13:39:25+00:00\" \/>\n<meta property=\"og:image\" content=\"https:\/\/studentroomforrent.hu\/wp-content\/uploads\/2022\/05\/Student_Dormitory_Budapest_ELTE_Corvinus_Vienna_room_T7I0925x.jpg\" \/>\n\t<meta property=\"og:image:width\" content=\"2000\" \/>\n\t<meta property=\"og:image:height\" content=\"1333\" \/>\n\t<meta property=\"og:image:type\" content=\"image\/jpeg\" \/>\n<meta name=\"twitter:card\" content=\"summary_large_image\" \/>\n<meta name=\"twitter:label1\" content=\"Becs\u00fclt olvas\u00e1si id\u0151\" \/>\n\t<meta name=\"twitter:data1\" content=\"1 perc\" \/>\n<script type=\"application\/ld+json\" class=\"yoast-schema-graph\">{\"@context\":\"https:\\\/\\\/schema.org\",\"@graph\":[{\"@type\":\"WebPage\",\"@id\":\"https:\\\/\\\/studentroomforrent.hu\\\/hu\\\/teszt\\\/\",\"url\":\"https:\\\/\\\/studentroomforrent.hu\\\/hu\\\/teszt\\\/\",\"name\":\"Teszt - Di\u00e1klak\u00e1s Budapesten\",\"isPartOf\":{\"@id\":\"https:\\\/\\\/studentroomforrent.hu\\\/hu\\\/#website\"},\"datePublished\":\"2023-08-23T11:53:57+00:00\",\"dateModified\":\"2023-08-30T13:39:25+00:00\",\"breadcrumb\":{\"@id\":\"https:\\\/\\\/studentroomforrent.hu\\\/hu\\\/teszt\\\/#breadcrumb\"},\"inLanguage\":\"hu\",\"potentialAction\":[{\"@type\":\"ReadAction\",\"target\":[\"https:\\\/\\\/studentroomforrent.hu\\\/hu\\\/teszt\\\/\"]}]},{\"@type\":\"BreadcrumbList\",\"@id\":\"https:\\\/\\\/studentroomforrent.hu\\\/hu\\\/teszt\\\/#breadcrumb\",\"itemListElement\":[{\"@type\":\"ListItem\",\"position\":1,\"name\":\"Home\",\"item\":\"https:\\\/\\\/studentroomforrent.hu\\\/hu\\\/\"},{\"@type\":\"ListItem\",\"position\":2,\"name\":\"Teszt\"}]},{\"@type\":\"WebSite\",\"@id\":\"https:\\\/\\\/studentroomforrent.hu\\\/hu\\\/#website\",\"url\":\"https:\\\/\\\/studentroomforrent.hu\\\/hu\\\/\",\"name\":\"Di\u00e1ksz\u00e1ll\u00e1s, di\u00e1klak\u00e1s Budapest Student Accommodation Budapest\",\"description\":\"Alb\u00e9rlet, ahol alap, hogy j\u00f3l \u00e9rzed magad!\",\"publisher\":{\"@id\":\"https:\\\/\\\/studentroomforrent.hu\\\/hu\\\/#organization\"},\"alternateName\":\"Student Accommodation, Student Housing Budapest\",\"potentialAction\":[{\"@type\":\"SearchAction\",\"target\":{\"@type\":\"EntryPoint\",\"urlTemplate\":\"https:\\\/\\\/studentroomforrent.hu\\\/hu\\\/?s={search_term_string}\"},\"query-input\":{\"@type\":\"PropertyValueSpecification\",\"valueRequired\":true,\"valueName\":\"search_term_string\"}}],\"inLanguage\":\"hu\"},{\"@type\":\"Organization\",\"@id\":\"https:\\\/\\\/studentroomforrent.hu\\\/hu\\\/#organization\",\"name\":\"Di\u00e1klak\u00e1s, di\u00e1ksz\u00e1ll\u00e1s Student Accommodation Budapest\",\"alternateName\":\"Student Accommodation, Student Housing Budapest\",\"url\":\"https:\\\/\\\/studentroomforrent.hu\\\/hu\\\/\",\"logo\":{\"@type\":\"ImageObject\",\"inLanguage\":\"hu\",\"@id\":\"https:\\\/\\\/studentroomforrent.hu\\\/hu\\\/#\\\/schema\\\/logo\\\/image\\\/\",\"url\":\"https:\\\/\\\/studentroomforrent.hu\\\/wp-content\\\/uploads\\\/2019\\\/05\\\/diaklakas-logo-vertical-color.png\",\"contentUrl\":\"https:\\\/\\\/studentroomforrent.hu\\\/wp-content\\\/uploads\\\/2019\\\/05\\\/diaklakas-logo-vertical-color.png\",\"width\":594,\"height\":477,\"caption\":\"Di\u00e1klak\u00e1s, di\u00e1ksz\u00e1ll\u00e1s Student Accommodation Budapest\"},\"image\":{\"@id\":\"https:\\\/\\\/studentroomforrent.hu\\\/hu\\\/#\\\/schema\\\/logo\\\/image\\\/\"},\"sameAs\":[\"https:\\\/\\\/www.facebook.com\\\/studentroomforrentBudapest\",\"https:\\\/\\\/www.youtube.com\\\/@studentaccommodationbudapest\",\"https:\\\/\\\/www.instagram.com\\\/diaklakas_student_apartments\\\/\"]}]}<\/script>","yoast_head_json":{"title":"Teszt - Di\u00e1klak\u00e1s Budapesten","robots":{"index":"index","follow":"follow","max-snippet":"max-snippet:-1","max-image-preview":"max-image-preview:large","max-video-preview":"max-video-preview:-1"},"canonical":"https:\/\/studentroomforrent.hu\/hu\/teszt\/","og_locale":"hu_HU","og_type":"article","og_title":"Teszt","og_description":"[vc_row type=&#8221;full_width_background&#8221; full_screen_row_position=&#8221;middle&#8221; column_margin=&#8221;default&#8221; column_direction=&#8221;default&#8221; column_direction_tablet=&#8221;default&#8221; column_direction_phone=&#8221;default&#8221; scene_position=&#8221;center&#8221; text_color=&#8221;dark&#8221; text_align=&#8221;left&#8221; row_border_radius=&#8221;none&#8221; row_border_radius_applies=&#8221;bg&#8221; overflow=&#8221;visible&#8221; id=&#8221;szobak&#8221; overlay_strength=&#8221;0.3&#8243; gradient_direction=&#8221;left_to_right&#8221; shape_divider_position=&#8221;bottom&#8221; bg_image_animation=&#8221;none&#8221; gradient_type=&#8221;default&#8221; shape_type=&#8221;&#8221;][vc_column column_padding=&#8221;no-extra-padding&#8221; column_padding_tablet=&#8221;inherit&#8221; column_padding_phone=&#8221;inherit&#8221; column_padding_position=&#8221;all&#8221; column_element_direction_desktop=&#8221;default&#8221; column_element_spacing=&#8221;default&#8221; desktop_text_alignment=&#8221;default&#8221; tablet_text_alignment=&#8221;default&#8221; phone_text_alignment=&#8221;default&#8221; background_color_opacity=&#8221;1&#8243;...","og_url":"https:\/\/studentroomforrent.hu\/hu\/teszt\/","og_site_name":"Di\u00e1klak\u00e1s Budapesten","article_publisher":"https:\/\/www.facebook.com\/studentroomforrentBudapest","article_modified_time":"2023-08-30T13:39:25+00:00","og_image":[{"width":2000,"height":1333,"url":"https:\/\/studentroomforrent.hu\/wp-content\/uploads\/2022\/05\/Student_Dormitory_Budapest_ELTE_Corvinus_Vienna_room_T7I0925x.jpg","type":"image\/jpeg"}],"twitter_card":"summary_large_image","twitter_misc":{"Becs\u00fclt olvas\u00e1si id\u0151":"1 perc"},"schema":{"@context":"https:\/\/schema.org","@graph":[{"@type":"WebPage","@id":"https:\/\/studentroomforrent.hu\/hu\/teszt\/","url":"https:\/\/studentroomforrent.hu\/hu\/teszt\/","name":"Teszt - Di\u00e1klak\u00e1s Budapesten","isPartOf":{"@id":"https:\/\/studentroomforrent.hu\/hu\/#website"},"datePublished":"2023-08-23T11:53:57+00:00","dateModified":"2023-08-30T13:39:25+00:00","breadcrumb":{"@id":"https:\/\/studentroomforrent.hu\/hu\/teszt\/#breadcrumb"},"inLanguage":"hu","potentialAction":[{"@type":"ReadAction","target":["https:\/\/studentroomforrent.hu\/hu\/teszt\/"]}]},{"@type":"BreadcrumbList","@id":"https:\/\/studentroomforrent.hu\/hu\/teszt\/#breadcrumb","itemListElement":[{"@type":"ListItem","position":1,"name":"Home","item":"https:\/\/studentroomforrent.hu\/hu\/"},{"@type":"ListItem","position":2,"name":"Teszt"}]},{"@type":"WebSite","@id":"https:\/\/studentroomforrent.hu\/hu\/#website","url":"https:\/\/studentroomforrent.hu\/hu\/","name":"Di\u00e1ksz\u00e1ll\u00e1s, di\u00e1klak\u00e1s Budapest Student Accommodation Budapest","description":"Alb\u00e9rlet, ahol alap, hogy j\u00f3l \u00e9rzed magad!","publisher":{"@id":"https:\/\/studentroomforrent.hu\/hu\/#organization"},"alternateName":"Student Accommodation, Student Housing Budapest","potentialAction":[{"@type":"SearchAction","target":{"@type":"EntryPoint","urlTemplate":"https:\/\/studentroomforrent.hu\/hu\/?s={search_term_string}"},"query-input":{"@type":"PropertyValueSpecification","valueRequired":true,"valueName":"search_term_string"}}],"inLanguage":"hu"},{"@type":"Organization","@id":"https:\/\/studentroomforrent.hu\/hu\/#organization","name":"Di\u00e1klak\u00e1s, di\u00e1ksz\u00e1ll\u00e1s Student Accommodation Budapest","alternateName":"Student Accommodation, Student Housing Budapest","url":"https:\/\/studentroomforrent.hu\/hu\/","logo":{"@type":"ImageObject","inLanguage":"hu","@id":"https:\/\/studentroomforrent.hu\/hu\/#\/schema\/logo\/image\/","url":"https:\/\/studentroomforrent.hu\/wp-content\/uploads\/2019\/05\/diaklakas-logo-vertical-color.png","contentUrl":"https:\/\/studentroomforrent.hu\/wp-content\/uploads\/2019\/05\/diaklakas-logo-vertical-color.png","width":594,"height":477,"caption":"Di\u00e1klak\u00e1s, di\u00e1ksz\u00e1ll\u00e1s Student Accommodation Budapest"},"image":{"@id":"https:\/\/studentroomforrent.hu\/hu\/#\/schema\/logo\/image\/"},"sameAs":["https:\/\/www.facebook.com\/studentroomforrentBudapest","https:\/\/www.youtube.com\/@studentaccommodationbudapest","https:\/\/www.instagram.com\/diaklakas_student_apartments\/"]}]}},"_links":{"self":[{"href":"https:\/\/studentroomforrent.hu\/hu\/wp-json\/wp\/v2\/pages\/7148","targetHints":{"allow":["GET"]}}],"collection":[{"href":"https:\/\/studentroomforrent.hu\/hu\/wp-json\/wp\/v2\/pages"}],"about":[{"href":"https:\/\/studentroomforrent.hu\/hu\/wp-json\/wp\/v2\/types\/page"}],"author":[{"embeddable":true,"href":"https:\/\/studentroomforrent.hu\/hu\/wp-json\/wp\/v2\/users\/1"}],"replies":[{"embeddable":true,"href":"https:\/\/studentroomforrent.hu\/hu\/wp-json\/wp\/v2\/comments?post=7148"}],"version-history":[{"count":20,"href":"https:\/\/studentroomforrent.hu\/hu\/wp-json\/wp\/v2\/pages\/7148\/revisions"}],"predecessor-version":[{"id":7182,"href":"https:\/\/studentroomforrent.hu\/hu\/wp-json\/wp\/v2\/pages\/7148\/revisions\/7182"}],"wp:attachment":[{"href":"https:\/\/studentroomforrent.hu\/hu\/wp-json\/wp\/v2\/media?parent=7148"}],"curies":[{"name":"wp","href":"https:\/\/api.w.org\/{rel}","templated":true}]}}