{"id":5368,"date":"2019-06-04T07:16:15","date_gmt":"2019-06-04T07:16:15","guid":{"rendered":"https:\/\/diaklakas.hu\/?page_id=5368"},"modified":"2019-06-04T07:16:36","modified_gmt":"2019-06-04T07:16:36","slug":"cookie-tajekoztato","status":"publish","type":"page","link":"https:\/\/studentroomforrent.hu\/hu\/cookie-tajekoztato\/","title":{"rendered":"Cookie t\u00e1j\u00e9koztat\u00f3"},"content":{"rendered":"[vc_row][vc_column][vc_column_text]Ahogy m\u00e1s c\u00e9gek, mi is haszn\u00e1lunk &#8222;cookie&#8221;-kat a weboldalainkon.<\/p>\n<p>Mi arra haszn\u00e1ljuk a cookie-kat, hogy p\u00e9ld\u00e1ul megmondja nek\u00fcnk, hogy j\u00e1rt\u00e1l-e m\u00e1r valaha az oldalunkon illetve seg\u00edt azonos\u00edtani azokat a funkci\u00f3kat\/szolg\u00e1ltat\u00e1sokat, amik a legink\u00e1bb \u00e9rdekelhetnek. A cookie-k n\u00f6velik az online \u00e9lm\u00e9nyt az \u00e1ltal, hogy meg\u0151rzik az \u00e1ltalad prefer\u00e1lt inform\u00e1ci\u00f3kat, be\u00e1ll\u00edt\u00e1sokat, am\u00edg egy adott oldalon tart\u00f3zkodsz.<\/p>\n<p><strong>A cookie-k nem tudnak szem\u00e9ly szerint beazonos\u00edtani!<\/strong><\/p>\n<p>Vissza tudod utas\u00edtani a b\u00f6ng\u00e9sz\u0151 cookie-kat a b\u00f6ng\u00e9sz\u0151 be\u00e1ll\u00edt\u00e1sain kereszt\u00fcl, azonban ilyen cookie-k n\u00e9lk\u00fcl nem fogod tudni kihaszn\u00e1lni a web\u00e1ruh\u00e1zunk minden szolg\u00e1ltat\u00e1s\u00e1t. Adatkezel\u00e9si t\u00e1j\u00e9koztat\u00f3nk r\u00e9szletesebben rendelkezik a Cookie-k haszn\u00e1lat\u00e1r\u00f3l.[\/vc_column_text][\/vc_column][\/vc_row]\n","protected":false},"excerpt":{"rendered":"<p>[vc_row][vc_column][vc_column_text]Ahogy m\u00e1s c\u00e9gek, mi is haszn\u00e1lunk &#8222;cookie&#8221;-kat a weboldalainkon. Mi arra haszn\u00e1ljuk a cookie-kat, hogy p\u00e9ld\u00e1ul megmondja nek\u00fcnk, hogy j\u00e1rt\u00e1l-e m\u00e1r valaha az oldalunkon illetve seg\u00edt azonos\u00edtani azokat a funkci\u00f3kat\/szolg\u00e1ltat\u00e1sokat,&#8230;<\/p>\n","protected":false},"author":1,"featured_media":0,"parent":0,"menu_order":0,"comment_status":"closed","ping_status":"closed","template":"","meta":{"_acf_changed":false,"footnotes":""},"class_list":["post-5368","page","type-page","status-publish"],"acf":[],"yoast_head":"<title>Cookie t\u00e1j\u00e9koztat\u00f3 - Di\u00e1klak\u00e1s Budapesten<\/title>\n<meta name=\"robots\" content=\"index, follow, max-snippet:-1, max-image-preview:large, max-video-preview:-1\" \/>\n<link rel=\"canonical\" href=\"https:\/\/studentroomforrent.hu\/hu\/cookie-tajekoztato\/\" \/>\n<meta property=\"og:locale\" content=\"hu_HU\" \/>\n<meta property=\"og:type\" content=\"article\" \/>\n<meta property=\"og:title\" content=\"Cookie t\u00e1j\u00e9koztat\u00f3\" \/>\n<meta property=\"og:description\" content=\"[vc_row][vc_column][vc_column_text]Ahogy m\u00e1s c\u00e9gek, mi is haszn\u00e1lunk &#8222;cookie&#8221;-kat a weboldalainkon. Mi arra haszn\u00e1ljuk a cookie-kat, hogy p\u00e9ld\u00e1ul megmondja nek\u00fcnk, hogy j\u00e1rt\u00e1l-e m\u00e1r valaha az oldalunkon illetve seg\u00edt azonos\u00edtani azokat a funkci\u00f3kat\/szolg\u00e1ltat\u00e1sokat,...\" \/>\n<meta property=\"og:url\" content=\"https:\/\/studentroomforrent.hu\/hu\/cookie-tajekoztato\/\" \/>\n<meta property=\"og:site_name\" content=\"Di\u00e1klak\u00e1s Budapesten\" \/>\n<meta property=\"article:publisher\" content=\"https:\/\/www.facebook.com\/studentroomforrentBudapest\" \/>\n<meta property=\"article:modified_time\" content=\"2019-06-04T07:16:36+00:00\" \/>\n<meta property=\"og:image\" content=\"https:\/\/studentroomforrent.hu\/wp-content\/uploads\/2022\/05\/Student_Dormitory_Budapest_ELTE_Corvinus_Vienna_room_T7I0925x.jpg\" \/>\n\t<meta property=\"og:image:width\" content=\"2000\" \/>\n\t<meta property=\"og:image:height\" content=\"1333\" \/>\n\t<meta property=\"og:image:type\" content=\"image\/jpeg\" \/>\n<meta name=\"twitter:card\" content=\"summary_large_image\" \/>\n<meta name=\"twitter:label1\" content=\"Becs\u00fclt olvas\u00e1si id\u0151\" \/>\n\t<meta name=\"twitter:data1\" content=\"1 perc\" \/>\n<script type=\"application\/ld+json\" class=\"yoast-schema-graph\">{\"@context\":\"https:\\\/\\\/schema.org\",\"@graph\":[{\"@type\":\"WebPage\",\"@id\":\"https:\\\/\\\/studentroomforrent.hu\\\/hu\\\/cookie-tajekoztato\\\/\",\"url\":\"https:\\\/\\\/studentroomforrent.hu\\\/hu\\\/cookie-tajekoztato\\\/\",\"name\":\"Cookie t\u00e1j\u00e9koztat\u00f3 - Di\u00e1klak\u00e1s Budapesten\",\"isPartOf\":{\"@id\":\"https:\\\/\\\/studentroomforrent.hu\\\/hu\\\/#website\"},\"datePublished\":\"2019-06-04T07:16:15+00:00\",\"dateModified\":\"2019-06-04T07:16:36+00:00\",\"breadcrumb\":{\"@id\":\"https:\\\/\\\/studentroomforrent.hu\\\/hu\\\/cookie-tajekoztato\\\/#breadcrumb\"},\"inLanguage\":\"hu\",\"potentialAction\":[{\"@type\":\"ReadAction\",\"target\":[\"https:\\\/\\\/studentroomforrent.hu\\\/hu\\\/cookie-tajekoztato\\\/\"]}]},{\"@type\":\"BreadcrumbList\",\"@id\":\"https:\\\/\\\/studentroomforrent.hu\\\/hu\\\/cookie-tajekoztato\\\/#breadcrumb\",\"itemListElement\":[{\"@type\":\"ListItem\",\"position\":1,\"name\":\"Home\",\"item\":\"https:\\\/\\\/studentroomforrent.hu\\\/hu\\\/\"},{\"@type\":\"ListItem\",\"position\":2,\"name\":\"Cookie t\u00e1j\u00e9koztat\u00f3\"}]},{\"@type\":\"WebSite\",\"@id\":\"https:\\\/\\\/studentroomforrent.hu\\\/hu\\\/#website\",\"url\":\"https:\\\/\\\/studentroomforrent.hu\\\/hu\\\/\",\"name\":\"Di\u00e1ksz\u00e1ll\u00e1s, di\u00e1klak\u00e1s Budapest Student Accommodation Budapest\",\"description\":\"Alb\u00e9rlet, ahol alap, hogy j\u00f3l \u00e9rzed magad!\",\"publisher\":{\"@id\":\"https:\\\/\\\/studentroomforrent.hu\\\/hu\\\/#organization\"},\"alternateName\":\"Student Accommodation, Student Housing Budapest\",\"potentialAction\":[{\"@type\":\"SearchAction\",\"target\":{\"@type\":\"EntryPoint\",\"urlTemplate\":\"https:\\\/\\\/studentroomforrent.hu\\\/hu\\\/?s={search_term_string}\"},\"query-input\":{\"@type\":\"PropertyValueSpecification\",\"valueRequired\":true,\"valueName\":\"search_term_string\"}}],\"inLanguage\":\"hu\"},{\"@type\":\"Organization\",\"@id\":\"https:\\\/\\\/studentroomforrent.hu\\\/hu\\\/#organization\",\"name\":\"Di\u00e1klak\u00e1s, di\u00e1ksz\u00e1ll\u00e1s Student Accommodation Budapest\",\"alternateName\":\"Student Accommodation, Student Housing Budapest\",\"url\":\"https:\\\/\\\/studentroomforrent.hu\\\/hu\\\/\",\"logo\":{\"@type\":\"ImageObject\",\"inLanguage\":\"hu\",\"@id\":\"https:\\\/\\\/studentroomforrent.hu\\\/hu\\\/#\\\/schema\\\/logo\\\/image\\\/\",\"url\":\"https:\\\/\\\/studentroomforrent.hu\\\/wp-content\\\/uploads\\\/2019\\\/05\\\/diaklakas-logo-vertical-color.png\",\"contentUrl\":\"https:\\\/\\\/studentroomforrent.hu\\\/wp-content\\\/uploads\\\/2019\\\/05\\\/diaklakas-logo-vertical-color.png\",\"width\":594,\"height\":477,\"caption\":\"Di\u00e1klak\u00e1s, di\u00e1ksz\u00e1ll\u00e1s Student Accommodation Budapest\"},\"image\":{\"@id\":\"https:\\\/\\\/studentroomforrent.hu\\\/hu\\\/#\\\/schema\\\/logo\\\/image\\\/\"},\"sameAs\":[\"https:\\\/\\\/www.facebook.com\\\/studentroomforrentBudapest\",\"https:\\\/\\\/www.youtube.com\\\/@studentaccommodationbudapest\",\"https:\\\/\\\/www.instagram.com\\\/diaklakas_student_apartments\\\/\"]}]}<\/script>","yoast_head_json":{"title":"Cookie t\u00e1j\u00e9koztat\u00f3 - Di\u00e1klak\u00e1s Budapesten","robots":{"index":"index","follow":"follow","max-snippet":"max-snippet:-1","max-image-preview":"max-image-preview:large","max-video-preview":"max-video-preview:-1"},"canonical":"https:\/\/studentroomforrent.hu\/hu\/cookie-tajekoztato\/","og_locale":"hu_HU","og_type":"article","og_title":"Cookie t\u00e1j\u00e9koztat\u00f3","og_description":"[vc_row][vc_column][vc_column_text]Ahogy m\u00e1s c\u00e9gek, mi is haszn\u00e1lunk &#8222;cookie&#8221;-kat a weboldalainkon. Mi arra haszn\u00e1ljuk a cookie-kat, hogy p\u00e9ld\u00e1ul megmondja nek\u00fcnk, hogy j\u00e1rt\u00e1l-e m\u00e1r valaha az oldalunkon illetve seg\u00edt azonos\u00edtani azokat a funkci\u00f3kat\/szolg\u00e1ltat\u00e1sokat,...","og_url":"https:\/\/studentroomforrent.hu\/hu\/cookie-tajekoztato\/","og_site_name":"Di\u00e1klak\u00e1s Budapesten","article_publisher":"https:\/\/www.facebook.com\/studentroomforrentBudapest","article_modified_time":"2019-06-04T07:16:36+00:00","og_image":[{"width":2000,"height":1333,"url":"https:\/\/studentroomforrent.hu\/wp-content\/uploads\/2022\/05\/Student_Dormitory_Budapest_ELTE_Corvinus_Vienna_room_T7I0925x.jpg","type":"image\/jpeg"}],"twitter_card":"summary_large_image","twitter_misc":{"Becs\u00fclt olvas\u00e1si id\u0151":"1 perc"},"schema":{"@context":"https:\/\/schema.org","@graph":[{"@type":"WebPage","@id":"https:\/\/studentroomforrent.hu\/hu\/cookie-tajekoztato\/","url":"https:\/\/studentroomforrent.hu\/hu\/cookie-tajekoztato\/","name":"Cookie t\u00e1j\u00e9koztat\u00f3 - Di\u00e1klak\u00e1s Budapesten","isPartOf":{"@id":"https:\/\/studentroomforrent.hu\/hu\/#website"},"datePublished":"2019-06-04T07:16:15+00:00","dateModified":"2019-06-04T07:16:36+00:00","breadcrumb":{"@id":"https:\/\/studentroomforrent.hu\/hu\/cookie-tajekoztato\/#breadcrumb"},"inLanguage":"hu","potentialAction":[{"@type":"ReadAction","target":["https:\/\/studentroomforrent.hu\/hu\/cookie-tajekoztato\/"]}]},{"@type":"BreadcrumbList","@id":"https:\/\/studentroomforrent.hu\/hu\/cookie-tajekoztato\/#breadcrumb","itemListElement":[{"@type":"ListItem","position":1,"name":"Home","item":"https:\/\/studentroomforrent.hu\/hu\/"},{"@type":"ListItem","position":2,"name":"Cookie t\u00e1j\u00e9koztat\u00f3"}]},{"@type":"WebSite","@id":"https:\/\/studentroomforrent.hu\/hu\/#website","url":"https:\/\/studentroomforrent.hu\/hu\/","name":"Di\u00e1ksz\u00e1ll\u00e1s, di\u00e1klak\u00e1s Budapest Student Accommodation Budapest","description":"Alb\u00e9rlet, ahol alap, hogy j\u00f3l \u00e9rzed magad!","publisher":{"@id":"https:\/\/studentroomforrent.hu\/hu\/#organization"},"alternateName":"Student Accommodation, Student Housing Budapest","potentialAction":[{"@type":"SearchAction","target":{"@type":"EntryPoint","urlTemplate":"https:\/\/studentroomforrent.hu\/hu\/?s={search_term_string}"},"query-input":{"@type":"PropertyValueSpecification","valueRequired":true,"valueName":"search_term_string"}}],"inLanguage":"hu"},{"@type":"Organization","@id":"https:\/\/studentroomforrent.hu\/hu\/#organization","name":"Di\u00e1klak\u00e1s, di\u00e1ksz\u00e1ll\u00e1s Student Accommodation Budapest","alternateName":"Student Accommodation, Student Housing Budapest","url":"https:\/\/studentroomforrent.hu\/hu\/","logo":{"@type":"ImageObject","inLanguage":"hu","@id":"https:\/\/studentroomforrent.hu\/hu\/#\/schema\/logo\/image\/","url":"https:\/\/studentroomforrent.hu\/wp-content\/uploads\/2019\/05\/diaklakas-logo-vertical-color.png","contentUrl":"https:\/\/studentroomforrent.hu\/wp-content\/uploads\/2019\/05\/diaklakas-logo-vertical-color.png","width":594,"height":477,"caption":"Di\u00e1klak\u00e1s, di\u00e1ksz\u00e1ll\u00e1s Student Accommodation Budapest"},"image":{"@id":"https:\/\/studentroomforrent.hu\/hu\/#\/schema\/logo\/image\/"},"sameAs":["https:\/\/www.facebook.com\/studentroomforrentBudapest","https:\/\/www.youtube.com\/@studentaccommodationbudapest","https:\/\/www.instagram.com\/diaklakas_student_apartments\/"]}]}},"_links":{"self":[{"href":"https:\/\/studentroomforrent.hu\/hu\/wp-json\/wp\/v2\/pages\/5368","targetHints":{"allow":["GET"]}}],"collection":[{"href":"https:\/\/studentroomforrent.hu\/hu\/wp-json\/wp\/v2\/pages"}],"about":[{"href":"https:\/\/studentroomforrent.hu\/hu\/wp-json\/wp\/v2\/types\/page"}],"author":[{"embeddable":true,"href":"https:\/\/studentroomforrent.hu\/hu\/wp-json\/wp\/v2\/users\/1"}],"replies":[{"embeddable":true,"href":"https:\/\/studentroomforrent.hu\/hu\/wp-json\/wp\/v2\/comments?post=5368"}],"version-history":[{"count":0,"href":"https:\/\/studentroomforrent.hu\/hu\/wp-json\/wp\/v2\/pages\/5368\/revisions"}],"wp:attachment":[{"href":"https:\/\/studentroomforrent.hu\/hu\/wp-json\/wp\/v2\/media?parent=5368"}],"curies":[{"name":"wp","href":"https:\/\/api.w.org\/{rel}","templated":true}]}}