{"id":4948,"date":"2019-05-08T10:15:53","date_gmt":"2019-05-08T10:15:53","guid":{"rendered":"https:\/\/diaklakas.hu\/?page_id=4948"},"modified":"2022-05-25T18:49:33","modified_gmt":"2022-05-25T16:49:33","slug":"dokumentumok","status":"publish","type":"page","link":"https:\/\/studentroomforrent.hu\/hu\/dokumentumok\/","title":{"rendered":"Dokumentumok"},"content":{"rendered":"[vc_row type=&#8221;full_width_background&#8221; full_screen_row_position=&#8221;middle&#8221; column_margin=&#8221;default&#8221; column_direction=&#8221;default&#8221; column_direction_tablet=&#8221;default&#8221; column_direction_phone=&#8221;default&#8221; bg_image=&#8221;4807&#8243; bg_position=&#8221;center center&#8221; background_image_loading=&#8221;skip-lazy-load&#8221; bg_repeat=&#8221;no-repeat&#8221; scene_position=&#8221;center&#8221; top_padding=&#8221;7%&#8221; bottom_padding=&#8221;12%&#8221; text_color=&#8221;light&#8221; text_align=&#8221;left&#8221; row_border_radius=&#8221;none&#8221; row_border_radius_applies=&#8221;bg&#8221; overflow=&#8221;visible&#8221; enable_gradient=&#8221;true&#8221; color_overlay=&#8221;#000000&#8243; color_overlay_2=&#8221;#000000&#8243; advanced_gradient_angle=&#8221;0&#8243; overlay_strength=&#8221;0.3&#8243; gradient_direction=&#8221;left_to_right&#8221; enable_shape_divider=&#8221;true&#8221; shape_divider_position=&#8221;bottom&#8221; shape_divider_height=&#8221;150&#8243; bg_image_animation=&#8221;fade-in&#8221; parallax_bg=&#8221;true&#8221; parallax_bg_speed=&#8221;medium&#8221; gradient_type=&#8221;default&#8221; shape_type=&#8221;fan&#8221;][vc_column column_padding=&#8221;no-extra-padding&#8221; column_padding_tablet=&#8221;inherit&#8221; column_padding_phone=&#8221;inherit&#8221; column_padding_position=&#8221;all&#8221; column_element_spacing=&#8221;default&#8221; background_color_opacity=&#8221;1&#8243; background_hover_color_opacity=&#8221;1&#8243; column_shadow=&#8221;none&#8221; column_border_radius=&#8221;none&#8221; column_link_target=&#8221;_self&#8221; column_position=&#8221;default&#8221; gradient_direction=&#8221;left_to_right&#8221; overlay_strength=&#8221;0.3&#8243; width=&#8221;1\/1&#8243; tablet_width_inherit=&#8221;default&#8221; tablet_text_alignment=&#8221;default&#8221; phone_text_alignment=&#8221;default&#8221; animation_type=&#8221;default&#8221; bg_image_animation=&#8221;none&#8221; border_type=&#8221;simple&#8221; column_border_width=&#8221;none&#8221; column_border_style=&#8221;solid&#8221;][split_line_heading animation_type=&#8221;line-reveal-by-space&#8221; font_style=&#8221;h2&#8243; text_color=&#8221;#f3ca56&#8243; line_reveal_by_space_text_effect=&#8221;default&#8221; stagger_animation=&#8221;true&#8221; content_alignment=&#8221;default&#8221; mobile_content_alignment=&#8221;inherit&#8221; link_target=&#8221;_self&#8221; text_content=&#8221;DI\u00c1KSZ\u00c1LL\u00c1S DI\u00c1KLAK\u00c1S DOKUMENTUMOK&#8221;][\/split_line_heading][vc_column_text css_animation=&#8221;left-to-right&#8221;]\n<h3>Az unalmas apr\u00f3bet\u0171s r\u00e9szek<\/h3>\n[\/vc_column_text][\/vc_column][\/vc_row][vc_row type=&#8221;in_container&#8221; full_screen_row_position=&#8221;middle&#8221; column_margin=&#8221;default&#8221; column_direction=&#8221;default&#8221; column_direction_tablet=&#8221;default&#8221; column_direction_phone=&#8221;default&#8221; scene_position=&#8221;center&#8221; text_color=&#8221;dark&#8221; text_align=&#8221;left&#8221; row_border_radius=&#8221;none&#8221; row_border_radius_applies=&#8221;bg&#8221; overflow=&#8221;visible&#8221; overlay_strength=&#8221;0.3&#8243; gradient_direction=&#8221;left_to_right&#8221; shape_divider_position=&#8221;bottom&#8221; bg_image_animation=&#8221;none&#8221;][vc_column column_padding=&#8221;no-extra-padding&#8221; column_padding_tablet=&#8221;inherit&#8221; column_padding_phone=&#8221;inherit&#8221; column_padding_position=&#8221;all&#8221; column_element_spacing=&#8221;default&#8221; background_color_opacity=&#8221;1&#8243; background_hover_color_opacity=&#8221;1&#8243; column_shadow=&#8221;none&#8221; column_border_radius=&#8221;none&#8221; column_link_target=&#8221;_self&#8221; column_position=&#8221;default&#8221; gradient_direction=&#8221;left_to_right&#8221; overlay_strength=&#8221;0.3&#8243; width=&#8221;1\/1&#8243; tablet_width_inherit=&#8221;default&#8221; tablet_text_alignment=&#8221;default&#8221; phone_text_alignment=&#8221;default&#8221; animation_type=&#8221;default&#8221; bg_image_animation=&#8221;none&#8221; border_type=&#8221;simple&#8221; column_border_width=&#8221;none&#8221; column_border_style=&#8221;solid&#8221;][split_line_heading animation_type=&#8221;line-reveal-by-space&#8221; font_style=&#8221;h3&#8243; text_color=&#8221;#f3ca56&#8243; line_reveal_by_space_text_effect=&#8221;letter-reveal-bottom&#8221; stagger_animation=&#8221;true&#8221; content_alignment=&#8221;center&#8221; mobile_content_alignment=&#8221;inherit&#8221; link_target=&#8221;_self&#8221; text_content=&#8221;Kattints r\u00e1 a megfelel\u0151 dokumentum nev\u00e9re a let\u00f6lt\u00e9shez.&#8221;][\/split_line_heading][divider line_type=&#8221;No Line&#8221; custom_height=&#8221;20&#8243;][\/vc_column][\/vc_row][vc_row type=&#8221;in_container&#8221; full_screen_row_position=&#8221;middle&#8221; column_margin=&#8221;default&#8221; column_direction=&#8221;default&#8221; column_direction_tablet=&#8221;default&#8221; column_direction_phone=&#8221;default&#8221; scene_position=&#8221;center&#8221; bottom_padding=&#8221;2%&#8221; text_color=&#8221;dark&#8221; text_align=&#8221;center&#8221; row_border_radius=&#8221;none&#8221; row_border_radius_applies=&#8221;bg&#8221; overflow=&#8221;visible&#8221; advanced_gradient_angle=&#8221;0&#8243; overlay_strength=&#8221;0.3&#8243; gradient_direction=&#8221;left_to_right&#8221; shape_divider_position=&#8221;bottom&#8221; bg_image_animation=&#8221;none&#8221; header_feature=&#8221;yes&#8221; padding_top=&#8221;60&#8243; padding_bottom=&#8221;60&#8243; gradient_type=&#8221;default&#8221; shape_type=&#8221;&#8221;][vc_column column_padding=&#8221;no-extra-padding&#8221; column_padding_tablet=&#8221;inherit&#8221; column_padding_phone=&#8221;inherit&#8221; column_padding_position=&#8221;all&#8221; column_element_spacing=&#8221;default&#8221; centered_text=&#8221;true&#8221; background_color_opacity=&#8221;1&#8243; background_hover_color_opacity=&#8221;1&#8243; column_shadow=&#8221;none&#8221; column_border_radius=&#8221;none&#8221; column_link_target=&#8221;_self&#8221; column_position=&#8221;default&#8221; advanced_gradient_angle=&#8221;0&#8243; gradient_direction=&#8221;left_to_right&#8221; overlay_strength=&#8221;0.3&#8243; width=&#8221;1\/3&#8243; tablet_width_inherit=&#8221;default&#8221; tablet_text_alignment=&#8221;default&#8221; phone_text_alignment=&#8221;default&#8221; animation_type=&#8221;default&#8221; bg_image_animation=&#8221;none&#8221; border_type=&#8221;simple&#8221; column_border_width=&#8221;none&#8221; column_border_style=&#8221;solid&#8221; gradient_type=&#8221;default&#8221;][nectar_icon icon_family=&#8221;steadysets&#8221; icon_style=&#8221;default&#8221; icon_color_type=&#8221;color_scheme&#8221; icon_color=&#8221;Extra-Color-1&#8243; icon_padding=&#8221;20px&#8221; pointer_events=&#8221;all&#8221; icon_steadysets=&#8221;steadysets-icon-files&#8221;][split_line_heading animation_type=&#8221;line-reveal-by-space&#8221; font_style=&#8221;h3&#8243; text_color=&#8221;#000000&#8243; line_reveal_by_space_text_effect=&#8221;twist-bottom&#8221; stagger_animation=&#8221;true&#8221; content_alignment=&#8221;center&#8221; mobile_content_alignment=&#8221;inherit&#8221; link_target=&#8221;_self&#8221; text_content=&#8221;Adatv\u00e9delmi t\u00e1j\u00e9koztat\u00f3&#8221;][\/split_line_heading][vc_column_text]t\u00e1j\u00e9koztat\u00f3 az adatv\u00e9delemr\u0151l[\/vc_column_text][nectar_btn size=&#8221;large&#8221; button_style=&#8221;regular&#8221; button_color_2=&#8221;Accent-Color&#8221; icon_family=&#8221;default_arrow&#8221; text=&#8221;K\u00e9rd emailben&#8221; url=&#8221;https:\/\/studentroomforrent.hu\/kapcsolat-diakszallas-diaklakas-budapest\/&#8221;][\/vc_column][vc_column column_padding=&#8221;no-extra-padding&#8221; column_padding_tablet=&#8221;inherit&#8221; column_padding_phone=&#8221;inherit&#8221; column_padding_position=&#8221;all&#8221; column_element_spacing=&#8221;default&#8221; background_color_opacity=&#8221;1&#8243; background_hover_color_opacity=&#8221;1&#8243; column_shadow=&#8221;none&#8221; column_border_radius=&#8221;none&#8221; column_link_target=&#8221;_self&#8221; column_position=&#8221;default&#8221; gradient_direction=&#8221;left_to_right&#8221; overlay_strength=&#8221;0.3&#8243; width=&#8221;1\/3&#8243; tablet_width_inherit=&#8221;default&#8221; tablet_text_alignment=&#8221;default&#8221; phone_text_alignment=&#8221;default&#8221; animation_type=&#8221;default&#8221; bg_image_animation=&#8221;none&#8221; border_type=&#8221;simple&#8221; column_border_width=&#8221;none&#8221; column_border_style=&#8221;solid&#8221;][nectar_icon icon_family=&#8221;steadysets&#8221; icon_style=&#8221;default&#8221; icon_color_type=&#8221;color_scheme&#8221; icon_color=&#8221;Extra-Color-1&#8243; icon_padding=&#8221;20px&#8221; pointer_events=&#8221;all&#8221; icon_steadysets=&#8221;steadysets-icon-uniE617&#8243;][split_line_heading animation_type=&#8221;line-reveal-by-space&#8221; font_style=&#8221;h3&#8243; text_color=&#8221;#000000&#8243; line_reveal_by_space_text_effect=&#8221;twist-bottom&#8221; stagger_animation=&#8221;true&#8221; content_alignment=&#8221;center&#8221; mobile_content_alignment=&#8221;inherit&#8221; link_target=&#8221;_self&#8221; text_content=&#8221;H\u00e1zirend&#8221; animation_delay=&#8221;150&#8243;][\/split_line_heading][vc_column_text]a szob\u00e1k \u00e9s a k\u00f6z\u00f6s helyis\u00e9gek h\u00e1zirendje[\/vc_column_text][nectar_btn size=&#8221;large&#8221; button_style=&#8221;regular&#8221; button_color_2=&#8221;Accent-Color&#8221; icon_family=&#8221;default_arrow&#8221; text=&#8221;K\u00e9rd emailben&#8221; url=&#8221;https:\/\/studentroomforrent.hu\/kapcsolat-diakszallas-diaklakas-budapest\/&#8221;][\/vc_column][vc_column column_padding=&#8221;no-extra-padding&#8221; column_padding_tablet=&#8221;inherit&#8221; column_padding_phone=&#8221;inherit&#8221; column_padding_position=&#8221;all&#8221; column_element_spacing=&#8221;default&#8221; background_color_opacity=&#8221;1&#8243; background_hover_color_opacity=&#8221;1&#8243; column_shadow=&#8221;none&#8221; column_border_radius=&#8221;none&#8221; column_link_target=&#8221;_self&#8221; column_position=&#8221;default&#8221; gradient_direction=&#8221;left_to_right&#8221; overlay_strength=&#8221;0.3&#8243; width=&#8221;1\/3&#8243; tablet_width_inherit=&#8221;default&#8221; tablet_text_alignment=&#8221;default&#8221; phone_text_alignment=&#8221;default&#8221; animation_type=&#8221;default&#8221; bg_image_animation=&#8221;none&#8221; border_type=&#8221;simple&#8221; column_border_width=&#8221;none&#8221; column_border_style=&#8221;solid&#8221;][nectar_icon icon_family=&#8221;steadysets&#8221; icon_style=&#8221;default&#8221; icon_color_type=&#8221;color_scheme&#8221; icon_color=&#8221;Extra-Color-1&#8243; icon_padding=&#8221;20px&#8221; pointer_events=&#8221;all&#8221; icon_steadysets=&#8221;steadysets-icon-box&#8221;][split_line_heading animation_type=&#8221;line-reveal-by-space&#8221; font_style=&#8221;h3&#8243; text_color=&#8221;#000000&#8243; line_reveal_by_space_text_effect=&#8221;twist-bottom&#8221; stagger_animation=&#8221;true&#8221; content_alignment=&#8221;center&#8221; mobile_content_alignment=&#8221;inherit&#8221; link_target=&#8221;_self&#8221; text_content=&#8221;B\u00e9rleti szerz\u0151d\u00e9s&#8221; animation_delay=&#8221;300&#8243;][\/split_line_heading][vc_column_text]b\u00e9rleti felt\u00e9telek \u00e9s k\u00f6telezetts\u00e9gek[\/vc_column_text][nectar_btn size=&#8221;large&#8221; button_style=&#8221;regular&#8221; button_color_2=&#8221;Accent-Color&#8221; icon_family=&#8221;default_arrow&#8221; text=&#8221;K\u00e9rd emailben&#8221; url=&#8221;https:\/\/studentroomforrent.hu\/kapcsolat-diakszallas-diaklakas-budapest\/&#8221;][\/vc_column][\/vc_row]\n","protected":false},"excerpt":{"rendered":"<p>[vc_row type=&#8221;full_width_background&#8221; full_screen_row_position=&#8221;middle&#8221; column_margin=&#8221;default&#8221; column_direction=&#8221;default&#8221; column_direction_tablet=&#8221;default&#8221; column_direction_phone=&#8221;default&#8221; bg_image=&#8221;4807&#8243; bg_position=&#8221;center center&#8221; background_image_loading=&#8221;skip-lazy-load&#8221; bg_repeat=&#8221;no-repeat&#8221; scene_position=&#8221;center&#8221; top_padding=&#8221;7%&#8221; bottom_padding=&#8221;12%&#8221; text_color=&#8221;light&#8221; text_align=&#8221;left&#8221; row_border_radius=&#8221;none&#8221; row_border_radius_applies=&#8221;bg&#8221; overflow=&#8221;visible&#8221; enable_gradient=&#8221;true&#8221; color_overlay=&#8221;#000000&#8243; color_overlay_2=&#8221;#000000&#8243; advanced_gradient_angle=&#8221;0&#8243; overlay_strength=&#8221;0.3&#8243; gradient_direction=&#8221;left_to_right&#8221; enable_shape_divider=&#8221;true&#8221; shape_divider_position=&#8221;bottom&#8221; shape_divider_height=&#8221;150&#8243; bg_image_animation=&#8221;fade-in&#8221;&#8230;<\/p>\n","protected":false},"author":1,"featured_media":0,"parent":0,"menu_order":0,"comment_status":"open","ping_status":"closed","template":"","meta":{"_acf_changed":false,"footnotes":""},"class_list":["post-4948","page","type-page","status-publish"],"acf":[],"yoast_head":"<title>Di\u00e1ksz\u00e1ll\u00e1s di\u00e1klak\u00e1s dokumentumokDokumentumok - Di\u00e1klak\u00e1s Budapesten<\/title>\n<meta name=\"description\" content=\"Di\u00e1ksz\u00e1ll\u00e1s di\u00e1klak\u00e1s dokumentumok, tekintsd meg a sz\u00fcks\u00e9ges dokumentunokat \u00e9s n\u00e9zd meg kedvez\u0151 felt\u00e9teleinket \u00e9s szab\u00e1lyzatunkat.\" \/>\n<meta name=\"robots\" content=\"index, follow, max-snippet:-1, max-image-preview:large, max-video-preview:-1\" \/>\n<link rel=\"canonical\" href=\"https:\/\/studentroomforrent.hu\/hu\/dokumentumok\/\" \/>\n<meta property=\"og:locale\" content=\"hu_HU\" \/>\n<meta property=\"og:type\" content=\"article\" \/>\n<meta property=\"og:title\" content=\"Dokumentumok\" \/>\n<meta property=\"og:description\" content=\"Di\u00e1ksz\u00e1ll\u00e1s di\u00e1klak\u00e1s dokumentumok, tekintsd meg a sz\u00fcks\u00e9ges dokumentunokat \u00e9s n\u00e9zd meg kedvez\u0151 felt\u00e9teleinket \u00e9s szab\u00e1lyzatunkat.\" \/>\n<meta property=\"og:url\" content=\"https:\/\/studentroomforrent.hu\/hu\/dokumentumok\/\" \/>\n<meta property=\"og:site_name\" content=\"Di\u00e1klak\u00e1s Budapesten\" \/>\n<meta property=\"article:publisher\" content=\"https:\/\/www.facebook.com\/studentroomforrentBudapest\" \/>\n<meta property=\"article:modified_time\" content=\"2022-05-25T16:49:33+00:00\" \/>\n<meta property=\"og:image\" content=\"https:\/\/studentroomforrent.hu\/wp-content\/uploads\/2022\/05\/Student_Dormitory_Budapest_ELTE_Corvinus_Vienna_room_T7I0925x.jpg\" \/>\n\t<meta property=\"og:image:width\" content=\"2000\" \/>\n\t<meta property=\"og:image:height\" content=\"1333\" \/>\n\t<meta property=\"og:image:type\" content=\"image\/jpeg\" \/>\n<meta name=\"twitter:card\" content=\"summary_large_image\" \/>\n<meta name=\"twitter:label1\" content=\"Becs\u00fclt olvas\u00e1si id\u0151\" \/>\n\t<meta name=\"twitter:data1\" content=\"5 perc\" \/>\n<script type=\"application\/ld+json\" class=\"yoast-schema-graph\">{\"@context\":\"https:\\\/\\\/schema.org\",\"@graph\":[{\"@type\":\"WebPage\",\"@id\":\"https:\\\/\\\/studentroomforrent.hu\\\/hu\\\/dokumentumok\\\/\",\"url\":\"https:\\\/\\\/studentroomforrent.hu\\\/hu\\\/dokumentumok\\\/\",\"name\":\"Di\u00e1ksz\u00e1ll\u00e1s di\u00e1klak\u00e1s dokumentumokDokumentumok - Di\u00e1klak\u00e1s Budapesten\",\"isPartOf\":{\"@id\":\"https:\\\/\\\/studentroomforrent.hu\\\/hu\\\/#website\"},\"datePublished\":\"2019-05-08T10:15:53+00:00\",\"dateModified\":\"2022-05-25T16:49:33+00:00\",\"description\":\"Di\u00e1ksz\u00e1ll\u00e1s di\u00e1klak\u00e1s dokumentumok, tekintsd meg a sz\u00fcks\u00e9ges dokumentunokat \u00e9s n\u00e9zd meg kedvez\u0151 felt\u00e9teleinket \u00e9s szab\u00e1lyzatunkat.\",\"breadcrumb\":{\"@id\":\"https:\\\/\\\/studentroomforrent.hu\\\/hu\\\/dokumentumok\\\/#breadcrumb\"},\"inLanguage\":\"hu\",\"potentialAction\":[{\"@type\":\"ReadAction\",\"target\":[\"https:\\\/\\\/studentroomforrent.hu\\\/hu\\\/dokumentumok\\\/\"]}]},{\"@type\":\"BreadcrumbList\",\"@id\":\"https:\\\/\\\/studentroomforrent.hu\\\/hu\\\/dokumentumok\\\/#breadcrumb\",\"itemListElement\":[{\"@type\":\"ListItem\",\"position\":1,\"name\":\"Home\",\"item\":\"https:\\\/\\\/studentroomforrent.hu\\\/hu\\\/\"},{\"@type\":\"ListItem\",\"position\":2,\"name\":\"Dokumentumok\"}]},{\"@type\":\"WebSite\",\"@id\":\"https:\\\/\\\/studentroomforrent.hu\\\/hu\\\/#website\",\"url\":\"https:\\\/\\\/studentroomforrent.hu\\\/hu\\\/\",\"name\":\"Di\u00e1ksz\u00e1ll\u00e1s, di\u00e1klak\u00e1s Budapest Student Accommodation Budapest\",\"description\":\"Alb\u00e9rlet, ahol alap, hogy j\u00f3l \u00e9rzed magad!\",\"publisher\":{\"@id\":\"https:\\\/\\\/studentroomforrent.hu\\\/hu\\\/#organization\"},\"alternateName\":\"Student Accommodation, Student Housing Budapest\",\"potentialAction\":[{\"@type\":\"SearchAction\",\"target\":{\"@type\":\"EntryPoint\",\"urlTemplate\":\"https:\\\/\\\/studentroomforrent.hu\\\/hu\\\/?s={search_term_string}\"},\"query-input\":{\"@type\":\"PropertyValueSpecification\",\"valueRequired\":true,\"valueName\":\"search_term_string\"}}],\"inLanguage\":\"hu\"},{\"@type\":\"Organization\",\"@id\":\"https:\\\/\\\/studentroomforrent.hu\\\/hu\\\/#organization\",\"name\":\"Di\u00e1klak\u00e1s, di\u00e1ksz\u00e1ll\u00e1s Student Accommodation Budapest\",\"alternateName\":\"Student Accommodation, Student Housing Budapest\",\"url\":\"https:\\\/\\\/studentroomforrent.hu\\\/hu\\\/\",\"logo\":{\"@type\":\"ImageObject\",\"inLanguage\":\"hu\",\"@id\":\"https:\\\/\\\/studentroomforrent.hu\\\/hu\\\/#\\\/schema\\\/logo\\\/image\\\/\",\"url\":\"https:\\\/\\\/studentroomforrent.hu\\\/wp-content\\\/uploads\\\/2019\\\/05\\\/diaklakas-logo-vertical-color.png\",\"contentUrl\":\"https:\\\/\\\/studentroomforrent.hu\\\/wp-content\\\/uploads\\\/2019\\\/05\\\/diaklakas-logo-vertical-color.png\",\"width\":594,\"height\":477,\"caption\":\"Di\u00e1klak\u00e1s, di\u00e1ksz\u00e1ll\u00e1s Student Accommodation Budapest\"},\"image\":{\"@id\":\"https:\\\/\\\/studentroomforrent.hu\\\/hu\\\/#\\\/schema\\\/logo\\\/image\\\/\"},\"sameAs\":[\"https:\\\/\\\/www.facebook.com\\\/studentroomforrentBudapest\",\"https:\\\/\\\/www.youtube.com\\\/@studentaccommodationbudapest\",\"https:\\\/\\\/www.instagram.com\\\/diaklakas_student_apartments\\\/\"]}]}<\/script>","yoast_head_json":{"title":"Di\u00e1ksz\u00e1ll\u00e1s di\u00e1klak\u00e1s dokumentumokDokumentumok - Di\u00e1klak\u00e1s Budapesten","description":"Di\u00e1ksz\u00e1ll\u00e1s di\u00e1klak\u00e1s dokumentumok, tekintsd meg a sz\u00fcks\u00e9ges dokumentunokat \u00e9s n\u00e9zd meg kedvez\u0151 felt\u00e9teleinket \u00e9s szab\u00e1lyzatunkat.","robots":{"index":"index","follow":"follow","max-snippet":"max-snippet:-1","max-image-preview":"max-image-preview:large","max-video-preview":"max-video-preview:-1"},"canonical":"https:\/\/studentroomforrent.hu\/hu\/dokumentumok\/","og_locale":"hu_HU","og_type":"article","og_title":"Dokumentumok","og_description":"Di\u00e1ksz\u00e1ll\u00e1s di\u00e1klak\u00e1s dokumentumok, tekintsd meg a sz\u00fcks\u00e9ges dokumentunokat \u00e9s n\u00e9zd meg kedvez\u0151 felt\u00e9teleinket \u00e9s szab\u00e1lyzatunkat.","og_url":"https:\/\/studentroomforrent.hu\/hu\/dokumentumok\/","og_site_name":"Di\u00e1klak\u00e1s Budapesten","article_publisher":"https:\/\/www.facebook.com\/studentroomforrentBudapest","article_modified_time":"2022-05-25T16:49:33+00:00","og_image":[{"width":2000,"height":1333,"url":"https:\/\/studentroomforrent.hu\/wp-content\/uploads\/2022\/05\/Student_Dormitory_Budapest_ELTE_Corvinus_Vienna_room_T7I0925x.jpg","type":"image\/jpeg"}],"twitter_card":"summary_large_image","twitter_misc":{"Becs\u00fclt olvas\u00e1si id\u0151":"5 perc"},"schema":{"@context":"https:\/\/schema.org","@graph":[{"@type":"WebPage","@id":"https:\/\/studentroomforrent.hu\/hu\/dokumentumok\/","url":"https:\/\/studentroomforrent.hu\/hu\/dokumentumok\/","name":"Di\u00e1ksz\u00e1ll\u00e1s di\u00e1klak\u00e1s dokumentumokDokumentumok - Di\u00e1klak\u00e1s Budapesten","isPartOf":{"@id":"https:\/\/studentroomforrent.hu\/hu\/#website"},"datePublished":"2019-05-08T10:15:53+00:00","dateModified":"2022-05-25T16:49:33+00:00","description":"Di\u00e1ksz\u00e1ll\u00e1s di\u00e1klak\u00e1s dokumentumok, tekintsd meg a sz\u00fcks\u00e9ges dokumentunokat \u00e9s n\u00e9zd meg kedvez\u0151 felt\u00e9teleinket \u00e9s szab\u00e1lyzatunkat.","breadcrumb":{"@id":"https:\/\/studentroomforrent.hu\/hu\/dokumentumok\/#breadcrumb"},"inLanguage":"hu","potentialAction":[{"@type":"ReadAction","target":["https:\/\/studentroomforrent.hu\/hu\/dokumentumok\/"]}]},{"@type":"BreadcrumbList","@id":"https:\/\/studentroomforrent.hu\/hu\/dokumentumok\/#breadcrumb","itemListElement":[{"@type":"ListItem","position":1,"name":"Home","item":"https:\/\/studentroomforrent.hu\/hu\/"},{"@type":"ListItem","position":2,"name":"Dokumentumok"}]},{"@type":"WebSite","@id":"https:\/\/studentroomforrent.hu\/hu\/#website","url":"https:\/\/studentroomforrent.hu\/hu\/","name":"Di\u00e1ksz\u00e1ll\u00e1s, di\u00e1klak\u00e1s Budapest Student Accommodation Budapest","description":"Alb\u00e9rlet, ahol alap, hogy j\u00f3l \u00e9rzed magad!","publisher":{"@id":"https:\/\/studentroomforrent.hu\/hu\/#organization"},"alternateName":"Student Accommodation, Student Housing Budapest","potentialAction":[{"@type":"SearchAction","target":{"@type":"EntryPoint","urlTemplate":"https:\/\/studentroomforrent.hu\/hu\/?s={search_term_string}"},"query-input":{"@type":"PropertyValueSpecification","valueRequired":true,"valueName":"search_term_string"}}],"inLanguage":"hu"},{"@type":"Organization","@id":"https:\/\/studentroomforrent.hu\/hu\/#organization","name":"Di\u00e1klak\u00e1s, di\u00e1ksz\u00e1ll\u00e1s Student Accommodation Budapest","alternateName":"Student Accommodation, Student Housing Budapest","url":"https:\/\/studentroomforrent.hu\/hu\/","logo":{"@type":"ImageObject","inLanguage":"hu","@id":"https:\/\/studentroomforrent.hu\/hu\/#\/schema\/logo\/image\/","url":"https:\/\/studentroomforrent.hu\/wp-content\/uploads\/2019\/05\/diaklakas-logo-vertical-color.png","contentUrl":"https:\/\/studentroomforrent.hu\/wp-content\/uploads\/2019\/05\/diaklakas-logo-vertical-color.png","width":594,"height":477,"caption":"Di\u00e1klak\u00e1s, di\u00e1ksz\u00e1ll\u00e1s Student Accommodation Budapest"},"image":{"@id":"https:\/\/studentroomforrent.hu\/hu\/#\/schema\/logo\/image\/"},"sameAs":["https:\/\/www.facebook.com\/studentroomforrentBudapest","https:\/\/www.youtube.com\/@studentaccommodationbudapest","https:\/\/www.instagram.com\/diaklakas_student_apartments\/"]}]}},"_links":{"self":[{"href":"https:\/\/studentroomforrent.hu\/hu\/wp-json\/wp\/v2\/pages\/4948","targetHints":{"allow":["GET"]}}],"collection":[{"href":"https:\/\/studentroomforrent.hu\/hu\/wp-json\/wp\/v2\/pages"}],"about":[{"href":"https:\/\/studentroomforrent.hu\/hu\/wp-json\/wp\/v2\/types\/page"}],"author":[{"embeddable":true,"href":"https:\/\/studentroomforrent.hu\/hu\/wp-json\/wp\/v2\/users\/1"}],"replies":[{"embeddable":true,"href":"https:\/\/studentroomforrent.hu\/hu\/wp-json\/wp\/v2\/comments?post=4948"}],"version-history":[{"count":23,"href":"https:\/\/studentroomforrent.hu\/hu\/wp-json\/wp\/v2\/pages\/4948\/revisions"}],"predecessor-version":[{"id":6339,"href":"https:\/\/studentroomforrent.hu\/hu\/wp-json\/wp\/v2\/pages\/4948\/revisions\/6339"}],"wp:attachment":[{"href":"https:\/\/studentroomforrent.hu\/hu\/wp-json\/wp\/v2\/media?parent=4948"}],"curies":[{"name":"wp","href":"https:\/\/api.w.org\/{rel}","templated":true}]}}